{"id":15819,"date":"2021-04-10T16:32:59","date_gmt":"2021-04-10T16:32:59","guid":{"rendered":"https:\/\/www.ldggroup.es\/?page_id=15819"},"modified":"2024-01-19T18:20:18","modified_gmt":"2024-01-19T18:20:18","slug":"politica-de-cookies","status":"publish","type":"page","link":"https:\/\/www.ldggroup.es\/ca\/politica-de-cookies\/","title":{"rendered":"Pol\u00edtica de cookies"},"content":{"rendered":"<p>[vc_row css_animation=&#8221;&#8221; row_type=&#8221;row&#8221; use_row_as_full_screen_section=&#8221;no&#8221; type=&#8221;full_width&#8221; angled_section=&#8221;no&#8221; text_align=&#8221;left&#8221; background_image_as_pattern=&#8221;without_pattern&#8221; padding_top=&#8221;100&#8243; padding_bottom=&#8221;80&#8243; css=&#8221;.vc_custom_1530005396753{background-image: url(https:\/\/www.ldggroup.es\/wp-content\/uploads\/2018\/06\/banner-paginas.jpg?id=15438) !important;}&#8221; z_index=&#8221;&#8221;][vc_column][vc_column_text]<\/p>\n<h2 style=\"text-align: center;\"><span style=\"color: #ffffff;\">Pol\u00edtica de cookies<\/span><\/h2>\n<p>[\/vc_column_text][\/vc_column][\/vc_row][vc_row css_animation=&#8221;&#8221; row_type=&#8221;row&#8221; use_row_as_full_screen_section=&#8221;no&#8221; type=&#8221;grid&#8221; angled_section=&#8221;no&#8221; text_align=&#8221;left&#8221; background_image_as_pattern=&#8221;without_pattern&#8221; padding_top=&#8221;80&#8243; padding_bottom=&#8221;60&#8243; z_index=&#8221;&#8221; css=&#8221;.vc_custom_1530005459101{background-color: #ffffff !important;}&#8221;][vc_column][vc_column_text]<\/p>\n<h3>Informaci\u00f3 sobre cookies<\/h3>\n<p>D\u2019acord amb la Llei 34\/2002, de 11 de juliol, de serveis de la societat de la informaci\u00f3 i de comer\u00e7 electr\u00f2nic (LSSI), en relaci\u00f3 amb el Reglament (UE) 2016\/679 de el Parlament Europeu i de Consell, de 27 de abril de 2016, General de Protecci\u00f3 de Dades (GDPR) i la Llei Org\u00e0nica 3\/2018, de 5 de desembre, de Protecci\u00f3 de Dades i Garantia dels Drets Digitals (LOPDGDD), \u00e9s obligat obtenir el consentiment expr\u00e9s de l\u2019usuari de totes les p\u00e0gines web que fan servir cookies prescindibles, abans que aquest navegui per elles.<\/p>\n<p>&nbsp;<\/p>\n<h5>Qu\u00e8 s\u00f3n les cookies?<\/h5>\n<p>&nbsp;<\/p>\n<p>Les cookies i altres tecnologies similars com ara local shared objects, flash cookies o p\u00edxels, s\u00f3n eines emprades pels servidors Web per emmagatzemar i recuperar informaci\u00f3 sobre els seus visitants, aix\u00ed com per oferir un correcte funcionament del lloc.<\/p>\n<p>Mitjan\u00e7ant l\u2019\u00fas d\u2019aquests dispositius es permet al servidor Web recordar algunes dades referents a l\u2019usuari, com les seves prefer\u00e8ncies per a la visualitzaci\u00f3 de les p\u00e0gines d\u2019aquest servidor, nom i contrasenya, productes que m\u00e9s li interessen, etc.<\/p>\n<h5>Cookies afectades per la normativa i cookies exceptuades<\/h5>\n<p>Segons la directiva de la UE, les cookies que requereixen el consentiment informat per part de l\u2019usuari s\u00f3n les cookies anal\u00edtiques i les de publicitat i afiliaci\u00f3, i queden exceptuades les de car\u00e0cter t\u00e8cnic i les necess\u00e0ries per al funcionament del lloc web o la prestaci\u00f3 de serveis expressament sol\u00b7licitats per l\u2019usuari.<\/p>\n<h5>Tipus de cookies<\/h5>\n<p><em><strong>Segons la finalitat<\/strong><\/em><\/p>\n<ul>\n<li><strong>Cookies t\u00e8cniques i funcionals:<\/strong> s\u00f3n les que permeten a l\u2019usuari navegar a trav\u00e9s d\u2019una p\u00e0gina web, plataforma<br \/>\no aplicaci\u00f3 i utilitzar les diferents opcions o serveis que hi hagi.<\/li>\n<li><strong>Cookies d\u2019an\u00e0lisi:<\/strong>s\u00f3n les que permeten al responsable d\u2019aquestes monitoritzar i analitzar el comportament dels usuaris dels llocs web als quals estan vinculats. La informaci\u00f3 recollida mitjan\u00e7ant aquest tipus de cookies s\u2019utilitza en el mesurament de l\u2019activitat dels llocs web, aplicaci\u00f3 o plataforma i per elaborar perfils de navegaci\u00f3 dels usuaris d\u2019aquests llocs, aplicacions i plataformes, per tal d\u2019introduir millores en funci\u00f3 de l\u2019an\u00e0lisi de les dades d\u2019\u00fas que fan els usuaris del servei.<\/li>\n<li><strong>Cookies publicit\u00e0ries:<\/strong> s\u00f3n aquelles que permeten gestionar, de la manera m\u00e9s efica\u00e7 possible, els espais publicitaris que, si escau, l\u2019editor hagi incl\u00f2s en una p\u00e0gina web, aplicaci\u00f3 o plataforma des de la qual presta el servei sol\u00b7licitat segons criteris com el contingut editat o la freq\u00fc\u00e8ncia en qu\u00e8 es mostren els anuncis.<\/li>\n<li><strong>Cookies de publicitat comportamental:<\/strong>recullen informaci\u00f3 sobre les prefer\u00e8ncies i eleccions personals de l\u2019usuari (retargeting) per permetre gestionar, de la manera m\u00e9s efica\u00e7 possible, els espais publicitaris que, si escau, l\u2019editor hagi incl\u00f2s en una p\u00e0gina web, aplicaci\u00f3 o plataforma des de la qual presta el servei sol\u00b7licitat.<\/li>\n<li><strong>Cookies socials:<\/strong> s\u00f3n aquelles que han estat instal\u00b7lades per les plataformes de xarxes socials en els serveis per permetre-us compartir contingut amb els vostres amics i xarxes. Les plataformes de mitjans socials tenen la capacitat de rastrejar la vostra activitat en l\u00ednia fora dels Serveis. Aix\u00f2 pot afectar el contingut i els missatges que veieu en altres serveis que visiteu.<\/li>\n<li><strong>Cookies d\u2019afiliats:<\/strong> permeten fer un seguiment de les visites procedents d\u2019altres webs, amb les quals el lloc web estableix un contracte d\u2019afiliaci\u00f3 (empreses d\u2019afiliaci\u00f3).<\/li>\n<li><strong>Cookies de seguretat:<\/strong> emmagatzemen informaci\u00f3 xifrada per evitar que les dades que s\u2019hi guarden siguin vulnerables a atacs maliciosos de tercers.<\/li>\n<\/ul>\n<p><strong><em>Segons la propietat<\/em><\/strong><\/p>\n<ul>\n<li><strong>Cookies pr\u00f2pies:<\/strong> s\u00f3n les que s\u2019envien a l\u2019equip terminal de l\u2019usuari des d\u2019un equip o domini gestionat pel propi editor i des del qual es proporciona el servei sol\u00b7licitat per l\u2019usuari.<\/li>\n<li><strong>Cookies de tercers:<\/strong> s\u00f3n les que s\u2019envien a l\u2019equip terminal de l\u2019usuari des d\u2019un equip o domini que no \u00e9s gestionat per l\u2019editor, sin\u00f3 per una altra entitat que tracta les dades obtingudes mitjan\u00e7ant les cookies.<\/li>\n<\/ul>\n<p><em><strong>Segons el termini de conservaci\u00f3<\/strong><\/em><\/p>\n<ul>\n<li><strong>Cookies de sessi\u00f3:<\/strong> s\u00f3n un tipus de cookies dissenyades per obtenir i emmagatzemar dades mentre l\u2019usuari accedeix a una p\u00e0gina web.<\/li>\n<li><strong>Cookies persistents:<\/strong> s\u00f3n un tipus de cookies en qu\u00e8 les dades segueixen emmagatzemades en el terminal i poden ser accedides i tractades durant un per\u00edode definit pel responsable de la cookie, i que durar des d\u2019uns minuts a diversos anys.<\/li>\n<\/ul>\n<p>[\/vc_column_text][vc_empty_space][vc_column_text]<\/p>\n<h5>TRACTAMENT DE DADES PERSONALS<\/h5>\n<p>LDGGROUP MULTIFAMILY OFFICE, S.L. \u00e9s el Responsable del tractament de les dades personals de l\u2019Interessat i l\u2019informa que aquestes dades es tractaran de conformitat amb el que estableix el Reglament (UE) 2016\/679, de 27 d\u2019abril de 2016 (GDPR), per la qual cosa se li facilita la seg\u00fcent informaci\u00f3 del tractament:<\/p>\n<p><strong>Finalitats del tractament:<\/strong> segons s\u2019especifica en l\u2019apartat de cookies que s\u2019utilitzen en aquest lloc web.<\/p>\n<p><strong>Legitimaci\u00f3 del tractament:<\/strong> per consentiment de l\u2019interessat (art. 6.1 GDPR).<\/p>\n<p><strong>Criteris de conservaci\u00f3 de les dades:<\/strong> segons s\u2019especifica en l\u2019apartat de cookies utilitzades al web.<\/p>\n<p><strong>Comunicaci\u00f3 de les dades:<\/strong> no es comunicaran les dades a tercers, excepte en cookies propietat de tercers o per obligaci\u00f3 legal.<\/p>\n<p><strong>Drets que t\u00e9 l\u2019Interessat:<\/strong><\/p>\n<ul>\n<li>Dret a retirar el consentiment en qualsevol moment.<\/li>\n<li>Dret d\u2019acc\u00e9s, rectificaci\u00f3, portabilitat i supressi\u00f3 de les seves dades i de limitaci\u00f3 o oposici\u00f3 al seu tractament.<\/li>\n<li>Dret a presentar una reclamaci\u00f3 davant l\u2019Autoritat de control (www.aepd.es) si considera que el tractament no s\u2019ajusta a la normativa vigent.<\/li>\n<\/ul>\n<p><strong>Dades de contacte per exercir els seus drets:<\/strong><br \/>\nLDGGROUP MULTIFAMILY OFFICE, S.L.. RAMBLA NOVA 111, 5 A &#8211; 43001 TARRAGONA (Tarragona). Email: <a href=\"mailto:info@ldggroup.es\">info@ldggroup.es<\/a>[\/vc_column_text][vc_empty_space][vc_column_text]<\/p>\n<h4>Cookies utilizades en aquest lloc web<\/h4>\n<h5>Cookies controlades per l\u2019editor<\/h5>\n<p><img loading=\"lazy\" decoding=\"async\" width=\"810\" height=\"649\" class=\"alignnone size-medium wp-image-15884\" src=\"https:\/\/www.ldggroup.es\/wp-content\/uploads\/2024\/01\/cookies-tecnicas-cat.jpeg\" alt=\"Cookies T\u00e8cniques\" srcset=\"https:\/\/www.ldggroup.es\/wp-content\/uploads\/2024\/01\/cookies-tecnicas-cat.jpeg 810w, https:\/\/www.ldggroup.es\/wp-content\/uploads\/2024\/01\/cookies-tecnicas-cat-300x240.jpeg 300w, https:\/\/www.ldggroup.es\/wp-content\/uploads\/2024\/01\/cookies-tecnicas-cat-768x615.jpeg 768w, https:\/\/www.ldggroup.es\/wp-content\/uploads\/2024\/01\/cookies-tecnicas-cat-700x561.jpeg 700w\" sizes=\"auto, (max-width: 810px) 100vw, 810px\" \/><br \/>\n<img loading=\"lazy\" decoding=\"async\" width=\"810\" height=\"465\" class=\"alignnone size-full wp-image-15881\" src=\"https:\/\/www.ldggroup.es\/wp-content\/uploads\/2024\/01\/cookies-analiticas-cat.jpg\" alt=\"Cookies Analitiques\" srcset=\"https:\/\/www.ldggroup.es\/wp-content\/uploads\/2024\/01\/cookies-analiticas-cat.jpg 810w, https:\/\/www.ldggroup.es\/wp-content\/uploads\/2024\/01\/cookies-analiticas-cat-300x172.jpg 300w, https:\/\/www.ldggroup.es\/wp-content\/uploads\/2024\/01\/cookies-analiticas-cat-768x441.jpg 768w, https:\/\/www.ldggroup.es\/wp-content\/uploads\/2024\/01\/cookies-analiticas-cat-345x198.jpg 345w, https:\/\/www.ldggroup.es\/wp-content\/uploads\/2024\/01\/cookies-analiticas-cat-700x402.jpg 700w\" sizes=\"auto, (max-width: 810px) 100vw, 810px\" \/><br \/>\n<img loading=\"lazy\" decoding=\"async\" width=\"809\" height=\"614\" class=\"alignnone size-medium wp-image-15887\" src=\"https:\/\/www.ldggroup.es\/wp-content\/uploads\/2024\/01\/cookies-publicitarias-cat.jpeg\" alt=\"Cookies Publicitaries\" srcset=\"https:\/\/www.ldggroup.es\/wp-content\/uploads\/2024\/01\/cookies-publicitarias-cat.jpeg 809w, https:\/\/www.ldggroup.es\/wp-content\/uploads\/2024\/01\/cookies-publicitarias-cat-300x228.jpeg 300w, https:\/\/www.ldggroup.es\/wp-content\/uploads\/2024\/01\/cookies-publicitarias-cat-768x583.jpeg 768w, https:\/\/www.ldggroup.es\/wp-content\/uploads\/2024\/01\/cookies-publicitarias-cat-500x380.jpeg 500w, https:\/\/www.ldggroup.es\/wp-content\/uploads\/2024\/01\/cookies-publicitarias-cat-700x531.jpeg 700w\" sizes=\"auto, (max-width: 809px) 100vw, 809px\" \/>[\/vc_column_text][vc_empty_space][vc_column_text]<\/p>\n<h4><strong>Cookies de tercers<\/strong><\/h4>\n<p>Els serveis de tercers s\u00f3n aliens al control de l\u2019editor.<br \/>\nEls prove\u00efdors poden modificar en qualsevol moment les seves condicions de servei, finalitat i \u00fas de les cookies, etc.<\/p>\n<p><strong>Prove\u00efdors externs d\u2019aquest lloc web:<\/strong><\/p>\n<ul>\n<li>Google Analytics https:\/\/privacy.google.com\/take-control.html<\/li>\n<li>Google https:\/\/privacy.google.com\/take-control.html<\/li>\n<li>Google https:\/\/safety.google\/privacy\/privacy-controls\/<\/li>\n<\/ul>\n<p>[\/vc_column_text][vc_empty_space][vc_column_text]<\/p>\n<h4>Panell de configuraci\u00f3 de cookies<\/h4>\n<p>Des d\u2019aquest panell pot configurar les cookies que el lloc web pot instal\u00b7lar en el seu navegador, excepte les cookies t\u00e8cniques o funcionals que s\u00f3n necess\u00e0ries per a la navegaci\u00f3 i la utilitzaci\u00f3 de les diferents opcions o serveis que s\u2019ofereixen.[\/vc_column_text][vc_empty_space][vc_column_text]<\/p>\n<h4>Com gestionar les cookies des del navegador<\/h4>\n<p><strong>Eliminar les cookies del dispositiu<\/strong><\/p>\n<p>Les cookies que ja es troben en un dispositiu es poden eliminar esborrant l\u2019historial del navegador, de manera que se suprimeixen les cookies de tots els llocs web visitats.<\/p>\n<p>No obstant aix\u00f2, tamb\u00e9 es pot perdre part de la informaci\u00f3 desada (per exemple, les dades d\u2019inici de sessi\u00f3 o les prefer\u00e8ncies de lloc web).<\/p>\n<p><strong>Gestionar les cookies espec\u00edfiques del lloc<\/strong><\/p>\n<p>Per tenir un control m\u00e9s prec\u00eds de les cookies espec\u00edfiques de cada lloc, els usuaris poden ajustar la seva configuraci\u00f3 de privacitat i cookies al navegador.<\/p>\n<p><strong>Bloquejar les cookies<\/strong><\/p>\n<p>Encara que la majoria dels navegadors moderns es poden configurar per evitar que s\u2019instal\u00b7lin cookies en els dispositius, aix\u00f2 pot obligar a ajustar manualment determinades prefer\u00e8ncies cada vegada que es visiti un lloc o p\u00e0gina. A m\u00e9s, alguns serveis i caracter\u00edstiques poden no funcionar correctament (per exemple, els inicis de sessi\u00f3 amb perfil).<\/p>\n<p><strong>Com eliminar les cookies dels navegadors m\u00e9s comuns<\/strong><\/p>\n<ul>\n<li>Chrome &#8211; <a href=\"http:\/\/support.google.com\/chrome\/answer\/95647?hl=es\" target=\"_blank\" rel=\"noopener\">http:\/\/support.google.com\/chrome\/answer\/95647?hl=es<\/a><\/li>\n<li>Internet Explorer. Versi\u00f3n 11 &#8211; <a href=\"https:\/\/support.microsoft.com\/es-es\/help\/278835\/how-to-delete-cookie-files-in-internet-explorer\" target=\"_blank\" rel=\"noopener\">https:\/\/support.microsoft.com\/es-es\/help\/278835\/how-to-delete-cookie-files-in-internet-explorer<\/a><\/li>\n<li>Firefox. Versi\u00f3n 65.0.1 &#8211; <a href=\"https:\/\/www.mozilla.org\/es-ES\/privacy\/websites\/#cookies\" target=\"_blank\" rel=\"noopener\">https:\/\/www.mozilla.org\/es-ES\/privacy\/websites\/#cookies<\/a><\/li>\n<li>Safari Versi\u00f3n 5.1 &#8211; <a href=\"https:\/\/support.apple.com\/es-es\/guide\/safari\/sfri11471\/mac\" target=\"_blank\" rel=\"noopener\">https:\/\/support.apple.com\/es-es\/guide\/safari\/sfri11471\/mac<\/a><\/li>\n<li>Opera &#8211; <a href=\"https:\/\/help.opera.com\/en\/latest\/security-and-privacy\/#clearBrowsingData\" target=\"_blank\" rel=\"noopener\">https:\/\/help.opera.com\/en\/latest\/security-and-privacy\/#clearBrowsingData<\/a><\/li>\n<\/ul>\n<p>[\/vc_column_text][\/vc_column][\/vc_row]<\/p>\n","protected":false},"excerpt":{"rendered":"<p>[vc_row css_animation=&#8221;&#8221; row_type=&#8221;row&#8221; use_row_as_full_screen_section=&#8221;no&#8221; type=&#8221;full_width&#8221; angled_section=&#8221;no&#8221; text_align=&#8221;left&#8221; background_image_as_pattern=&#8221;without_pattern&#8221; padding_top=&#8221;100&#8243; padding_bottom=&#8221;80&#8243; css=&#8221;.vc_custom_1530005396753{background-image: url(https:\/\/www.ldggroup.es\/wp-content\/uploads\/2018\/06\/banner-paginas.jpg?id=15438) !important;}&#8221; z_index=&#8221;&#8221;][vc_column][vc_column_text] Pol\u00edtica de cookies [\/vc_column_text][\/vc_column][\/vc_row][vc_row css_animation=&#8221;&#8221; row_type=&#8221;row&#8221; use_row_as_full_screen_section=&#8221;no&#8221; type=&#8221;grid&#8221; angled_section=&#8221;no&#8221; text_align=&#8221;left&#8221; background_image_as_pattern=&#8221;without_pattern&#8221; padding_top=&#8221;80&#8243; padding_bottom=&#8221;60&#8243; z_index=&#8221;&#8221; css=&#8221;.vc_custom_1530005459101{background-color: #ffffff !important;}&#8221;][vc_column][vc_column_text] Informaci\u00f3 sobre cookies D\u2019acord amb la Llei 34\/2002, de 11 de juliol, de serveis&#8230;<\/p>\n","protected":false},"author":1,"featured_media":0,"parent":0,"menu_order":0,"comment_status":"closed","ping_status":"closed","template":"full_width.php","meta":{"footnotes":""},"class_list":["post-15819","page","type-page","status-publish","hentry"],"yoast_head":"<!-- This site is optimized with the Yoast SEO plugin v25.8 - https:\/\/yoast.com\/wordpress\/plugins\/seo\/ -->\n<title>Pol\u00edtica de cookies - LDG Group<\/title>\n<meta name=\"robots\" content=\"noindex, nofollow\" \/>\n<meta property=\"og:locale\" content=\"ca_ES\" \/>\n<meta property=\"og:type\" content=\"article\" \/>\n<meta property=\"og:title\" content=\"Pol\u00edtica de cookies - LDG Group\" \/>\n<meta property=\"og:description\" content=\"[vc_row css_animation=&#8221;&#8221; row_type=&#8221;row&#8221; use_row_as_full_screen_section=&#8221;no&#8221; type=&#8221;full_width&#8221; angled_section=&#8221;no&#8221; text_align=&#8221;left&#8221; background_image_as_pattern=&#8221;without_pattern&#8221; padding_top=&#8221;100&#8243; padding_bottom=&#8221;80&#8243; css=&#8221;.vc_custom_1530005396753{background-image: url(https:\/\/www.ldggroup.es\/wp-content\/uploads\/2018\/06\/banner-paginas.jpg?id=15438) !important;}&#8221; z_index=&#8221;&#8221;][vc_column][vc_column_text] Pol\u00edtica de cookies [\/vc_column_text][\/vc_column][\/vc_row][vc_row css_animation=&#8221;&#8221; row_type=&#8221;row&#8221; use_row_as_full_screen_section=&#8221;no&#8221; type=&#8221;grid&#8221; angled_section=&#8221;no&#8221; text_align=&#8221;left&#8221; background_image_as_pattern=&#8221;without_pattern&#8221; padding_top=&#8221;80&#8243; padding_bottom=&#8221;60&#8243; z_index=&#8221;&#8221; css=&#8221;.vc_custom_1530005459101{background-color: #ffffff !important;}&#8221;][vc_column][vc_column_text] Informaci\u00f3 sobre cookies D\u2019acord amb la Llei 34\/2002, de 11 de juliol, de serveis...\" \/>\n<meta property=\"og:url\" content=\"https:\/\/www.ldggroup.es\/ca\/politica-de-cookies\/\" \/>\n<meta property=\"og:site_name\" content=\"LDG Group\" \/>\n<meta property=\"article:modified_time\" content=\"2024-01-19T18:20:18+00:00\" \/>\n<meta property=\"og:image\" content=\"https:\/\/www.ldggroup.es\/wp-content\/uploads\/2024\/01\/cookies-tecnicas-cat.jpeg\" \/>\n<meta name=\"twitter:card\" content=\"summary_large_image\" \/>\n<meta name=\"twitter:label1\" content=\"Temps estimat de lectura\" \/>\n\t<meta name=\"twitter:data1\" content=\"7 minuts\" \/>\n<script type=\"application\/ld+json\" class=\"yoast-schema-graph\">{\"@context\":\"https:\/\/schema.org\",\"@graph\":[{\"@type\":\"WebPage\",\"@id\":\"https:\/\/www.ldggroup.es\/ca\/politica-de-cookies\/\",\"url\":\"https:\/\/www.ldggroup.es\/ca\/politica-de-cookies\/\",\"name\":\"Pol\u00edtica de cookies - LDG Group\",\"isPartOf\":{\"@id\":\"https:\/\/www.ldggroup.es\/en\/#website\"},\"primaryImageOfPage\":{\"@id\":\"https:\/\/www.ldggroup.es\/ca\/politica-de-cookies\/#primaryimage\"},\"image\":{\"@id\":\"https:\/\/www.ldggroup.es\/ca\/politica-de-cookies\/#primaryimage\"},\"thumbnailUrl\":\"https:\/\/www.ldggroup.es\/wp-content\/uploads\/2024\/01\/cookies-tecnicas-cat.jpeg\",\"datePublished\":\"2021-04-10T16:32:59+00:00\",\"dateModified\":\"2024-01-19T18:20:18+00:00\",\"breadcrumb\":{\"@id\":\"https:\/\/www.ldggroup.es\/ca\/politica-de-cookies\/#breadcrumb\"},\"inLanguage\":\"ca\",\"potentialAction\":[{\"@type\":\"ReadAction\",\"target\":[\"https:\/\/www.ldggroup.es\/ca\/politica-de-cookies\/\"]}]},{\"@type\":\"ImageObject\",\"inLanguage\":\"ca\",\"@id\":\"https:\/\/www.ldggroup.es\/ca\/politica-de-cookies\/#primaryimage\",\"url\":\"https:\/\/www.ldggroup.es\/wp-content\/uploads\/2024\/01\/cookies-tecnicas-cat.jpeg\",\"contentUrl\":\"https:\/\/www.ldggroup.es\/wp-content\/uploads\/2024\/01\/cookies-tecnicas-cat.jpeg\"},{\"@type\":\"BreadcrumbList\",\"@id\":\"https:\/\/www.ldggroup.es\/ca\/politica-de-cookies\/#breadcrumb\",\"itemListElement\":[{\"@type\":\"ListItem\",\"position\":1,\"name\":\"Portada\",\"item\":\"https:\/\/www.ldggroup.es\/ca\/\"},{\"@type\":\"ListItem\",\"position\":2,\"name\":\"Pol\u00edtica de cookies\"}]},{\"@type\":\"WebSite\",\"@id\":\"https:\/\/www.ldggroup.es\/en\/#website\",\"url\":\"https:\/\/www.ldggroup.es\/en\/\",\"name\":\"LDG Group\",\"description\":\"Otro sitio realizado con WordPress\",\"potentialAction\":[{\"@type\":\"SearchAction\",\"target\":{\"@type\":\"EntryPoint\",\"urlTemplate\":\"https:\/\/www.ldggroup.es\/en\/?s={search_term_string}\"},\"query-input\":{\"@type\":\"PropertyValueSpecification\",\"valueRequired\":true,\"valueName\":\"search_term_string\"}}],\"inLanguage\":\"ca\"}]}<\/script>\n<!-- \/ Yoast SEO plugin. -->","yoast_head_json":{"title":"Pol\u00edtica de cookies - LDG Group","robots":{"index":"noindex","follow":"nofollow"},"og_locale":"ca_ES","og_type":"article","og_title":"Pol\u00edtica de cookies - LDG Group","og_description":"[vc_row css_animation=&#8221;&#8221; row_type=&#8221;row&#8221; use_row_as_full_screen_section=&#8221;no&#8221; type=&#8221;full_width&#8221; angled_section=&#8221;no&#8221; text_align=&#8221;left&#8221; background_image_as_pattern=&#8221;without_pattern&#8221; padding_top=&#8221;100&#8243; padding_bottom=&#8221;80&#8243; css=&#8221;.vc_custom_1530005396753{background-image: url(https:\/\/www.ldggroup.es\/wp-content\/uploads\/2018\/06\/banner-paginas.jpg?id=15438) !important;}&#8221; z_index=&#8221;&#8221;][vc_column][vc_column_text] Pol\u00edtica de cookies [\/vc_column_text][\/vc_column][\/vc_row][vc_row css_animation=&#8221;&#8221; row_type=&#8221;row&#8221; use_row_as_full_screen_section=&#8221;no&#8221; type=&#8221;grid&#8221; angled_section=&#8221;no&#8221; text_align=&#8221;left&#8221; background_image_as_pattern=&#8221;without_pattern&#8221; padding_top=&#8221;80&#8243; padding_bottom=&#8221;60&#8243; z_index=&#8221;&#8221; css=&#8221;.vc_custom_1530005459101{background-color: #ffffff !important;}&#8221;][vc_column][vc_column_text] Informaci\u00f3 sobre cookies D\u2019acord amb la Llei 34\/2002, de 11 de juliol, de serveis...","og_url":"https:\/\/www.ldggroup.es\/ca\/politica-de-cookies\/","og_site_name":"LDG Group","article_modified_time":"2024-01-19T18:20:18+00:00","og_image":[{"url":"https:\/\/www.ldggroup.es\/wp-content\/uploads\/2024\/01\/cookies-tecnicas-cat.jpeg","type":"","width":"","height":""}],"twitter_card":"summary_large_image","twitter_misc":{"Temps estimat de lectura":"7 minuts"},"schema":{"@context":"https:\/\/schema.org","@graph":[{"@type":"WebPage","@id":"https:\/\/www.ldggroup.es\/ca\/politica-de-cookies\/","url":"https:\/\/www.ldggroup.es\/ca\/politica-de-cookies\/","name":"Pol\u00edtica de cookies - LDG Group","isPartOf":{"@id":"https:\/\/www.ldggroup.es\/en\/#website"},"primaryImageOfPage":{"@id":"https:\/\/www.ldggroup.es\/ca\/politica-de-cookies\/#primaryimage"},"image":{"@id":"https:\/\/www.ldggroup.es\/ca\/politica-de-cookies\/#primaryimage"},"thumbnailUrl":"https:\/\/www.ldggroup.es\/wp-content\/uploads\/2024\/01\/cookies-tecnicas-cat.jpeg","datePublished":"2021-04-10T16:32:59+00:00","dateModified":"2024-01-19T18:20:18+00:00","breadcrumb":{"@id":"https:\/\/www.ldggroup.es\/ca\/politica-de-cookies\/#breadcrumb"},"inLanguage":"ca","potentialAction":[{"@type":"ReadAction","target":["https:\/\/www.ldggroup.es\/ca\/politica-de-cookies\/"]}]},{"@type":"ImageObject","inLanguage":"ca","@id":"https:\/\/www.ldggroup.es\/ca\/politica-de-cookies\/#primaryimage","url":"https:\/\/www.ldggroup.es\/wp-content\/uploads\/2024\/01\/cookies-tecnicas-cat.jpeg","contentUrl":"https:\/\/www.ldggroup.es\/wp-content\/uploads\/2024\/01\/cookies-tecnicas-cat.jpeg"},{"@type":"BreadcrumbList","@id":"https:\/\/www.ldggroup.es\/ca\/politica-de-cookies\/#breadcrumb","itemListElement":[{"@type":"ListItem","position":1,"name":"Portada","item":"https:\/\/www.ldggroup.es\/ca\/"},{"@type":"ListItem","position":2,"name":"Pol\u00edtica de cookies"}]},{"@type":"WebSite","@id":"https:\/\/www.ldggroup.es\/en\/#website","url":"https:\/\/www.ldggroup.es\/en\/","name":"LDG Group","description":"Otro sitio realizado con WordPress","potentialAction":[{"@type":"SearchAction","target":{"@type":"EntryPoint","urlTemplate":"https:\/\/www.ldggroup.es\/en\/?s={search_term_string}"},"query-input":{"@type":"PropertyValueSpecification","valueRequired":true,"valueName":"search_term_string"}}],"inLanguage":"ca"}]}},"_links":{"self":[{"href":"https:\/\/www.ldggroup.es\/ca\/wp-json\/wp\/v2\/pages\/15819","targetHints":{"allow":["GET"]}}],"collection":[{"href":"https:\/\/www.ldggroup.es\/ca\/wp-json\/wp\/v2\/pages"}],"about":[{"href":"https:\/\/www.ldggroup.es\/ca\/wp-json\/wp\/v2\/types\/page"}],"author":[{"embeddable":true,"href":"https:\/\/www.ldggroup.es\/ca\/wp-json\/wp\/v2\/users\/1"}],"replies":[{"embeddable":true,"href":"https:\/\/www.ldggroup.es\/ca\/wp-json\/wp\/v2\/comments?post=15819"}],"version-history":[{"count":3,"href":"https:\/\/www.ldggroup.es\/ca\/wp-json\/wp\/v2\/pages\/15819\/revisions"}],"predecessor-version":[{"id":15890,"href":"https:\/\/www.ldggroup.es\/ca\/wp-json\/wp\/v2\/pages\/15819\/revisions\/15890"}],"wp:attachment":[{"href":"https:\/\/www.ldggroup.es\/ca\/wp-json\/wp\/v2\/media?parent=15819"}],"curies":[{"name":"wp","href":"https:\/\/api.w.org\/{rel}","templated":true}]}}