{"id":15619,"date":"2018-06-26T10:48:33","date_gmt":"2018-06-26T10:48:33","guid":{"rendered":"https:\/\/www.ldggroup.es\/notas-de-interes\/"},"modified":"2018-06-27T09:34:58","modified_gmt":"2018-06-27T09:34:58","slug":"notas-de-interes","status":"publish","type":"page","link":"https:\/\/www.ldggroup.es\/ca\/notas-de-interes\/","title":{"rendered":"Notes d&#8217;inter\u00e8s"},"content":{"rendered":"<p>[vc_row css_animation=&#8221;&#8221; row_type=&#8221;row&#8221; use_row_as_full_screen_section=&#8221;no&#8221; type=&#8221;full_width&#8221; angled_section=&#8221;no&#8221; text_align=&#8221;left&#8221; background_image_as_pattern=&#8221;without_pattern&#8221; padding_top=&#8221;100&#8243; padding_bottom=&#8221;80&#8243; css=&#8221;.vc_custom_1530005396753{background-image: url(https:\/\/www.ldggroup.es\/wp-content\/uploads\/2018\/06\/banner-paginas.jpg?id=15438) !important;}&#8221; z_index=&#8221;&#8221;][vc_column][vc_column_text]<\/p>\n<h2 style=\"text-align: center;\"><span style=\"color: #ffffff;\">Notes informatives i newsletters<\/span><\/h2>\n<p>[\/vc_column_text][\/vc_column][\/vc_row][vc_row css_animation=&#8221;&#8221; row_type=&#8221;row&#8221; use_row_as_full_screen_section=&#8221;no&#8221; type=&#8221;grid&#8221; angled_section=&#8221;no&#8221; text_align=&#8221;left&#8221; background_image_as_pattern=&#8221;without_pattern&#8221; padding_top=&#8221;80&#8243; padding_bottom=&#8221;60&#8243; z_index=&#8221;&#8221; css=&#8221;.vc_custom_1530005459101{background-color: #ffffff !important;}&#8221;][vc_column]<div class='q_masonry_blog'><div class=\"q_masonry_blog_grid_sizer\"><\/div><div class=\"q_masonry_blog_grid_gutter\"><\/div><article  class='post-15636 post type-post status-publish format-standard hentry category-notas-informativas-ca category-uncategorized-ca '><div class=\"q_masonry_blog_post_image\"><\/div><div class=\"q_masonry_blog_post_text\"><h5 itemprop=\"name\" class=\"q_masonry_blog_title entry_title\"><a itemprop=\"url\" href=\"https:\/\/www.ldggroup.es\/ca\/2018\/06\/06\/rebaja-del-irpf-en-2015-y-2016\/\">Hacienda aumenta a 7.000 millones la rebaja del IRPF en 2015 y 2016<\/a><\/h5><p itemprop=\"description\" class=\"q_masonry_blog_excerpt\">...<\/p><div class=\"q_masonry_blog_post_info\"><span itemprop=\"dateCreated\" class=\"time entry_date updated\">06 juny, 2018<meta itemprop=\"interactionCount\" content=\"UserComments: <?php echo get_comments_number(qode_get_page_id()); ?>\"\/><\/span> \/ <a itemprop=\"url\" class=\"post_comments\" href=\"https:\/\/www.ldggroup.es\/ca\/2018\/06\/06\/rebaja-del-irpf-en-2015-y-2016\/#respond\">No comment<\/a><\/div><\/div><\/article><article  class='post-15635 post type-post status-publish format-standard hentry category-notas-informativas-ca category-uncategorized-ca '><div class=\"q_masonry_blog_post_image\"><\/div><div class=\"q_masonry_blog_post_text\"><h5 itemprop=\"name\" class=\"q_masonry_blog_title entry_title\"><a itemprop=\"url\" href=\"https:\/\/www.ldggroup.es\/ca\/2018\/03\/05\/mas-de-20-grandes-fortunas-planean-convertir-su-patrimonio-en-socimi\/\">Mes de 20 grans fortunes planegen convertir el seu patrimoni en socimi<\/a><\/h5><p itemprop=\"description\" class=\"q_masonry_blog_excerpt\">...<\/p><div class=\"q_masonry_blog_post_info\"><span itemprop=\"dateCreated\" class=\"time entry_date updated\">05 mar\u00e7, 2018<meta itemprop=\"interactionCount\" content=\"UserComments: <?php echo get_comments_number(qode_get_page_id()); ?>\"\/><\/span> \/ <a itemprop=\"url\" class=\"post_comments\" href=\"https:\/\/www.ldggroup.es\/ca\/2018\/03\/05\/mas-de-20-grandes-fortunas-planean-convertir-su-patrimonio-en-socimi\/#respond\">No comment<\/a><\/div><\/div><\/article><article  class='post-15634 post type-post status-publish format-standard hentry category-notas-informativas-ca category-uncategorized-ca '><div class=\"q_masonry_blog_post_image\"><\/div><div class=\"q_masonry_blog_post_text\"><h5 itemprop=\"name\" class=\"q_masonry_blog_title entry_title\"><a itemprop=\"url\" href=\"https:\/\/www.ldggroup.es\/ca\/2018\/03\/05\/una-regulacion-que-limita-el-desarrollo-del-crowdfunding\/\">Una regulaci\u00f3 que limita el desenvolupament del crowdfunding<\/a><\/h5><p itemprop=\"description\" class=\"q_masonry_blog_excerpt\">...<\/p><div class=\"q_masonry_blog_post_info\"><span itemprop=\"dateCreated\" class=\"time entry_date updated\">05 mar\u00e7, 2018<meta itemprop=\"interactionCount\" content=\"UserComments: <?php echo get_comments_number(qode_get_page_id()); ?>\"\/><\/span> \/ <a itemprop=\"url\" class=\"post_comments\" href=\"https:\/\/www.ldggroup.es\/ca\/2018\/03\/05\/una-regulacion-que-limita-el-desarrollo-del-crowdfunding\/#respond\">No comment<\/a><\/div><\/div><\/article><article  class='post-15633 post type-post status-publish format-standard hentry category-notas-informativas-ca category-uncategorized-ca '><div class=\"q_masonry_blog_post_image\"><\/div><div class=\"q_masonry_blog_post_text\"><h5 itemprop=\"name\" class=\"q_masonry_blog_title entry_title\"><a itemprop=\"url\" href=\"https:\/\/www.ldggroup.es\/ca\/2018\/03\/05\/el-comite-de-expertos-rechaza-subir-el-iva\/\">El comit\u00e8 d\u2019experts rebutja pujar l\u2019IVA<\/a><\/h5><p itemprop=\"description\" class=\"q_masonry_blog_excerpt\">...<\/p><div class=\"q_masonry_blog_post_info\"><span itemprop=\"dateCreated\" class=\"time entry_date updated\">05 mar\u00e7, 2018<meta itemprop=\"interactionCount\" content=\"UserComments: <?php echo get_comments_number(qode_get_page_id()); ?>\"\/><\/span> \/ <a itemprop=\"url\" class=\"post_comments\" href=\"https:\/\/www.ldggroup.es\/ca\/2018\/03\/05\/el-comite-de-expertos-rechaza-subir-el-iva\/#respond\">No comment<\/a><\/div><\/div><\/article><article  class='post-15637 post type-post status-publish format-standard has-post-thumbnail hentry category-notas-informativas-ca category-uncategorized-ca '><div class=\"q_masonry_blog_post_image\"><a itemprop=\"url\" href=\"https:\/\/www.ldggroup.es\/ca\/2014\/06\/05\/las-medidas-del-bce-una-a-una\/\" target=\"_self\"><img decoding=\"async\" itemprop=\"image\" src=\"https:\/\/www.ldggroup.es\/wp-content\/uploads\/2018\/06\/noticia-06-06.png\" \/><\/a><\/div><div class=\"q_masonry_blog_post_text\"><h5 itemprop=\"name\" class=\"q_masonry_blog_title entry_title\"><a itemprop=\"url\" href=\"https:\/\/www.ldggroup.es\/ca\/2014\/06\/05\/las-medidas-del-bce-una-a-una\/\">Las medidas del BCE, una a una<\/a><\/h5><p itemprop=\"description\" class=\"q_masonry_blog_excerpt\">...<\/p><div class=\"q_masonry_blog_post_info\"><span itemprop=\"dateCreated\" class=\"time entry_date updated\">05 juny, 2014<meta itemprop=\"interactionCount\" content=\"UserComments: <?php echo get_comments_number(qode_get_page_id()); ?>\"\/><\/span> \/ <a itemprop=\"url\" class=\"post_comments\" href=\"https:\/\/www.ldggroup.es\/ca\/2014\/06\/05\/las-medidas-del-bce-una-a-una\/#respond\">No comment<\/a><\/div><\/div><\/article><\/div>[\/vc_column][\/vc_row]<\/p>\n","protected":false},"excerpt":{"rendered":"<p>[vc_row css_animation=&#8221;&#8221; row_type=&#8221;row&#8221; use_row_as_full_screen_section=&#8221;no&#8221; type=&#8221;full_width&#8221; angled_section=&#8221;no&#8221; text_align=&#8221;left&#8221; background_image_as_pattern=&#8221;without_pattern&#8221; padding_top=&#8221;100&#8243; padding_bottom=&#8221;80&#8243; css=&#8221;.vc_custom_1530005396753{background-image: url(https:\/\/www.ldggroup.es\/wp-content\/uploads\/2018\/06\/banner-paginas.jpg?id=15438) !important;}&#8221; z_index=&#8221;&#8221;][vc_column][vc_column_text] Notes informatives i newsletters [\/vc_column_text][\/vc_column][\/vc_row][vc_row css_animation=&#8221;&#8221; row_type=&#8221;row&#8221; use_row_as_full_screen_section=&#8221;no&#8221; type=&#8221;grid&#8221; angled_section=&#8221;no&#8221; text_align=&#8221;left&#8221; background_image_as_pattern=&#8221;without_pattern&#8221; padding_top=&#8221;80&#8243; padding_bottom=&#8221;60&#8243; z_index=&#8221;&#8221; css=&#8221;.vc_custom_1530005459101{background-color: #ffffff !important;}&#8221;][vc_column][\/vc_column][\/vc_row]<\/p>\n","protected":false},"author":1,"featured_media":0,"parent":0,"menu_order":0,"comment_status":"closed","ping_status":"closed","template":"full_width.php","meta":{"footnotes":""},"class_list":["post-15619","page","type-page","status-publish","hentry"],"yoast_head":"<!-- This site is optimized with the Yoast SEO plugin v25.8 - https:\/\/yoast.com\/wordpress\/plugins\/seo\/ -->\n<title>Notes d&#039;inter\u00e8s -\u00a0LDG\u00a0Group\u00a0- Assessorament independent a Tarragona<\/title>\n<meta name=\"description\" content=\"Permanece al d\u00eda de las \u00faltimas noticias y notas de inter\u00e9s.\" \/>\n<meta name=\"robots\" content=\"index, follow, max-snippet:-1, max-image-preview:large, max-video-preview:-1\" \/>\n<link rel=\"canonical\" href=\"https:\/\/www.ldggroup.es\/ca\/notas-de-interes\/\" \/>\n<meta property=\"og:locale\" content=\"ca_ES\" \/>\n<meta property=\"og:type\" content=\"article\" \/>\n<meta property=\"og:title\" content=\"Notes d&#039;inter\u00e8s -\u00a0LDG\u00a0Group\u00a0- Assessorament independent a Tarragona\" \/>\n<meta property=\"og:description\" content=\"Permanece al d\u00eda de las \u00faltimas noticias y notas de inter\u00e9s.\" \/>\n<meta property=\"og:url\" content=\"https:\/\/www.ldggroup.es\/ca\/notas-de-interes\/\" \/>\n<meta property=\"og:site_name\" content=\"LDG Group\" \/>\n<meta property=\"article:modified_time\" content=\"2018-06-27T09:34:58+00:00\" \/>\n<meta name=\"twitter:card\" content=\"summary_large_image\" \/>\n<meta name=\"twitter:label1\" content=\"Temps estimat de lectura\" \/>\n\t<meta name=\"twitter:data1\" content=\"1 minut\" \/>\n<script type=\"application\/ld+json\" class=\"yoast-schema-graph\">{\"@context\":\"https:\/\/schema.org\",\"@graph\":[{\"@type\":\"WebPage\",\"@id\":\"https:\/\/www.ldggroup.es\/ca\/notas-de-interes\/\",\"url\":\"https:\/\/www.ldggroup.es\/ca\/notas-de-interes\/\",\"name\":\"Notes d'inter\u00e8s -\u00a0LDG\u00a0Group\u00a0- Assessorament independent a Tarragona\",\"isPartOf\":{\"@id\":\"https:\/\/www.ldggroup.es\/en\/#website\"},\"datePublished\":\"2018-06-26T10:48:33+00:00\",\"dateModified\":\"2018-06-27T09:34:58+00:00\",\"description\":\"Permanece al d\u00eda de las \u00faltimas noticias y notas de inter\u00e9s.\",\"breadcrumb\":{\"@id\":\"https:\/\/www.ldggroup.es\/ca\/notas-de-interes\/#breadcrumb\"},\"inLanguage\":\"ca\",\"potentialAction\":[{\"@type\":\"ReadAction\",\"target\":[\"https:\/\/www.ldggroup.es\/ca\/notas-de-interes\/\"]}]},{\"@type\":\"BreadcrumbList\",\"@id\":\"https:\/\/www.ldggroup.es\/ca\/notas-de-interes\/#breadcrumb\",\"itemListElement\":[{\"@type\":\"ListItem\",\"position\":1,\"name\":\"Portada\",\"item\":\"https:\/\/www.ldggroup.es\/ca\/\"},{\"@type\":\"ListItem\",\"position\":2,\"name\":\"Notes d&#8217;inter\u00e8s\"}]},{\"@type\":\"WebSite\",\"@id\":\"https:\/\/www.ldggroup.es\/en\/#website\",\"url\":\"https:\/\/www.ldggroup.es\/en\/\",\"name\":\"LDG Group\",\"description\":\"Otro sitio realizado con WordPress\",\"potentialAction\":[{\"@type\":\"SearchAction\",\"target\":{\"@type\":\"EntryPoint\",\"urlTemplate\":\"https:\/\/www.ldggroup.es\/en\/?s={search_term_string}\"},\"query-input\":{\"@type\":\"PropertyValueSpecification\",\"valueRequired\":true,\"valueName\":\"search_term_string\"}}],\"inLanguage\":\"ca\"}]}<\/script>\n<!-- \/ Yoast SEO plugin. -->","yoast_head_json":{"title":"Notes d'inter\u00e8s -\u00a0LDG\u00a0Group\u00a0- Assessorament independent a Tarragona","description":"Permanece al d\u00eda de las \u00faltimas noticias y notas de inter\u00e9s.","robots":{"index":"index","follow":"follow","max-snippet":"max-snippet:-1","max-image-preview":"max-image-preview:large","max-video-preview":"max-video-preview:-1"},"canonical":"https:\/\/www.ldggroup.es\/ca\/notas-de-interes\/","og_locale":"ca_ES","og_type":"article","og_title":"Notes d'inter\u00e8s -\u00a0LDG\u00a0Group\u00a0- Assessorament independent a Tarragona","og_description":"Permanece al d\u00eda de las \u00faltimas noticias y notas de inter\u00e9s.","og_url":"https:\/\/www.ldggroup.es\/ca\/notas-de-interes\/","og_site_name":"LDG Group","article_modified_time":"2018-06-27T09:34:58+00:00","twitter_card":"summary_large_image","twitter_misc":{"Temps estimat de lectura":"1 minut"},"schema":{"@context":"https:\/\/schema.org","@graph":[{"@type":"WebPage","@id":"https:\/\/www.ldggroup.es\/ca\/notas-de-interes\/","url":"https:\/\/www.ldggroup.es\/ca\/notas-de-interes\/","name":"Notes d'inter\u00e8s -\u00a0LDG\u00a0Group\u00a0- Assessorament independent a Tarragona","isPartOf":{"@id":"https:\/\/www.ldggroup.es\/en\/#website"},"datePublished":"2018-06-26T10:48:33+00:00","dateModified":"2018-06-27T09:34:58+00:00","description":"Permanece al d\u00eda de las \u00faltimas noticias y notas de inter\u00e9s.","breadcrumb":{"@id":"https:\/\/www.ldggroup.es\/ca\/notas-de-interes\/#breadcrumb"},"inLanguage":"ca","potentialAction":[{"@type":"ReadAction","target":["https:\/\/www.ldggroup.es\/ca\/notas-de-interes\/"]}]},{"@type":"BreadcrumbList","@id":"https:\/\/www.ldggroup.es\/ca\/notas-de-interes\/#breadcrumb","itemListElement":[{"@type":"ListItem","position":1,"name":"Portada","item":"https:\/\/www.ldggroup.es\/ca\/"},{"@type":"ListItem","position":2,"name":"Notes d&#8217;inter\u00e8s"}]},{"@type":"WebSite","@id":"https:\/\/www.ldggroup.es\/en\/#website","url":"https:\/\/www.ldggroup.es\/en\/","name":"LDG Group","description":"Otro sitio realizado con WordPress","potentialAction":[{"@type":"SearchAction","target":{"@type":"EntryPoint","urlTemplate":"https:\/\/www.ldggroup.es\/en\/?s={search_term_string}"},"query-input":{"@type":"PropertyValueSpecification","valueRequired":true,"valueName":"search_term_string"}}],"inLanguage":"ca"}]}},"_links":{"self":[{"href":"https:\/\/www.ldggroup.es\/ca\/wp-json\/wp\/v2\/pages\/15619","targetHints":{"allow":["GET"]}}],"collection":[{"href":"https:\/\/www.ldggroup.es\/ca\/wp-json\/wp\/v2\/pages"}],"about":[{"href":"https:\/\/www.ldggroup.es\/ca\/wp-json\/wp\/v2\/types\/page"}],"author":[{"embeddable":true,"href":"https:\/\/www.ldggroup.es\/ca\/wp-json\/wp\/v2\/users\/1"}],"replies":[{"embeddable":true,"href":"https:\/\/www.ldggroup.es\/ca\/wp-json\/wp\/v2\/comments?post=15619"}],"version-history":[{"count":2,"href":"https:\/\/www.ldggroup.es\/ca\/wp-json\/wp\/v2\/pages\/15619\/revisions"}],"predecessor-version":[{"id":15626,"href":"https:\/\/www.ldggroup.es\/ca\/wp-json\/wp\/v2\/pages\/15619\/revisions\/15626"}],"wp:attachment":[{"href":"https:\/\/www.ldggroup.es\/ca\/wp-json\/wp\/v2\/media?parent=15619"}],"curies":[{"name":"wp","href":"https:\/\/api.w.org\/{rel}","templated":true}]}}