{"id":15590,"date":"2018-06-26T09:26:39","date_gmt":"2018-06-26T09:26:39","guid":{"rendered":"https:\/\/www.ldggroup.es\/quienes-somos\/"},"modified":"2022-04-18T07:43:22","modified_gmt":"2022-04-18T07:43:22","slug":"quienes-somos","status":"publish","type":"page","link":"https:\/\/www.ldggroup.es\/ca\/quienes-somos\/","title":{"rendered":"Qui som"},"content":{"rendered":"<p>[vc_row css_animation=&#8221;&#8221; row_type=&#8221;row&#8221; use_row_as_full_screen_section=&#8221;no&#8221; type=&#8221;full_width&#8221; angled_section=&#8221;no&#8221; text_align=&#8221;left&#8221; background_image_as_pattern=&#8221;without_pattern&#8221; padding_top=&#8221;100&#8243; padding_bottom=&#8221;80&#8243; css=&#8221;.vc_custom_1530005396753{background-image: url(https:\/\/www.ldggroup.es\/wp-content\/uploads\/2018\/06\/banner-paginas.jpg?id=15438) !important;}&#8221; z_index=&#8221;&#8221;][vc_column][vc_column_text]<\/p>\n<h2 style=\"text-align: center;\"><span style=\"color: #ffffff;\">Qui som<\/span><\/h2>\n<p>[\/vc_column_text][\/vc_column][\/vc_row][vc_row css_animation=&#8221;&#8221; row_type=&#8221;row&#8221; use_row_as_full_screen_section=&#8221;no&#8221; type=&#8221;grid&#8221; angled_section=&#8221;no&#8221; text_align=&#8221;left&#8221; background_image_as_pattern=&#8221;without_pattern&#8221; padding_top=&#8221;80&#8243; padding_bottom=&#8221;60&#8243; z_index=&#8221;&#8221; css=&#8221;.vc_custom_1530005459101{background-color: #ffffff !important;}&#8221;][vc_column][vc_column_text]<\/p>\n<h3 style=\"text-align: left;\">Especialistes perfectament actualitzats<\/h3>\n<p>&nbsp;<\/p>\n<p>Som una firma dedicada a l\u2019assessorament fiscal, mercantil, laboral, patrimonial, consultoria i operacions. LDGGROUP est\u00e0 format per un equip de persones amb \u00e0mplia experi\u00e8ncia en els diferents \u00e0mbits de la gesti\u00f3 empresarial, des de la continuaci\u00f3 societ\u00e0ria, fusions i adquisicions, compravenda d\u2019actius, recerca d\u2019inversors, sistemes de contractaci\u00f3, relacions amb l\u2019administraci\u00f3 i totes les seves implicacions fiscals, relacions laborals de dia a dia i contenciosos fins a la liquidaci\u00f3. Oferim els nostres serveis de forma integral tant a persones f\u00edsiques com a societats mercantils i entitats sense \u00e0nim de lucre. Estem estructurats en cinc \u00e0rees funcionals:<\/p>\n<ul>\n<li><a title=\"Assessorament Fiscal i Contable\" href=\"https:\/\/www.ldggroup.es\/ca\/asesoramiento-fiscal-y-contable\/\">ASSESSORAMENT FISCAL I COMPTABLE<\/a><\/li>\n<li><a title=\"Assessorament Mercantil\" href=\"https:\/\/www.ldggroup.es\/ca\/asesoramiento-mercantil\/\">ASSESSORAMENT MERCANTIL<\/a><\/li>\n<li><a title=\"Assessorament Laboral i en Recursos Humans\" href=\"https:\/\/www.ldggroup.es\/ca\/asesoramiento-laboral-y-en-recursos-humanos\/\">ASSESSORAMENT LABORAL I RECURSOS HUMANS<\/a><\/li>\n<li><a title=\"Consultoria i Operacions\" href=\"https:\/\/www.ldggroup.es\/ca\/consultoria-y-operaciones\/\">CONSULTORIA I OPERACIONS<\/a><\/li>\n<\/ul>\n<p>El nostre model i estructura estan orientats a oferir assessorament independent, alineat amb els interessos dels nostres clients. Comptem amb un equip especialitzat en totes les disciplines necess\u00e0ries i disposem de tots els mitjans, eines i plataformes per aconseguir el m\u00e0xim nivell de resposta, reporting i control necessaris per optimitzar les necessitats dels clients en els nostres diferents \u00e0mbits d\u2019actuaci\u00f3. Bona part dels nostres resultats son conseq\u00fc\u00e8ncia de la concepci\u00f3 global de la nostra intervenci\u00f3, dels nostres valors i aptituds.[\/vc_column_text][\/vc_column][\/vc_row]<\/p>\n","protected":false},"excerpt":{"rendered":"<p>[vc_row css_animation=&#8221;&#8221; row_type=&#8221;row&#8221; use_row_as_full_screen_section=&#8221;no&#8221; type=&#8221;full_width&#8221; angled_section=&#8221;no&#8221; text_align=&#8221;left&#8221; background_image_as_pattern=&#8221;without_pattern&#8221; padding_top=&#8221;100&#8243; padding_bottom=&#8221;80&#8243; css=&#8221;.vc_custom_1530005396753{background-image: url(https:\/\/www.ldggroup.es\/wp-content\/uploads\/2018\/06\/banner-paginas.jpg?id=15438) !important;}&#8221; z_index=&#8221;&#8221;][vc_column][vc_column_text] Qui som [\/vc_column_text][\/vc_column][\/vc_row][vc_row css_animation=&#8221;&#8221; row_type=&#8221;row&#8221; use_row_as_full_screen_section=&#8221;no&#8221; type=&#8221;grid&#8221; angled_section=&#8221;no&#8221; text_align=&#8221;left&#8221; background_image_as_pattern=&#8221;without_pattern&#8221; padding_top=&#8221;80&#8243; padding_bottom=&#8221;60&#8243; z_index=&#8221;&#8221; css=&#8221;.vc_custom_1530005459101{background-color: #ffffff !important;}&#8221;][vc_column][vc_column_text] Especialistes perfectament actualitzats &nbsp; Som una firma dedicada a l\u2019assessorament fiscal, mercantil, laboral, patrimonial, consultoria&#8230;<\/p>\n","protected":false},"author":1,"featured_media":0,"parent":0,"menu_order":0,"comment_status":"closed","ping_status":"closed","template":"full_width.php","meta":{"footnotes":""},"class_list":["post-15590","page","type-page","status-publish","hentry"],"yoast_head":"<!-- This site is optimized with the Yoast SEO plugin v25.8 - https:\/\/yoast.com\/wordpress\/plugins\/seo\/ -->\n<title>Qui Som -\u00a0LDG\u00a0Group\u00a0- Assessorament independent a Tarragona<\/title>\n<meta name=\"description\" content=\"Som una firma dedicada a l\u2019assessorament fiscal, mercantil, laboral, patrimonial, consultoria i operacions. LDGGROUP est\u00e0 format per un equip de persones amb \u00e0mplia experi\u00e8ncia en els diferents \u00e0mbits de la gesti\u00f3 empresarial.\" \/>\n<meta name=\"robots\" content=\"index, follow, max-snippet:-1, max-image-preview:large, max-video-preview:-1\" \/>\n<link rel=\"canonical\" href=\"https:\/\/www.ldggroup.es\/ca\/quienes-somos\/\" \/>\n<meta property=\"og:locale\" content=\"ca_ES\" \/>\n<meta property=\"og:type\" content=\"article\" \/>\n<meta property=\"og:title\" content=\"Qui Som -\u00a0LDG\u00a0Group\u00a0- Assessorament independent a Tarragona\" \/>\n<meta property=\"og:description\" content=\"Som una firma dedicada a l\u2019assessorament fiscal, mercantil, laboral, patrimonial, consultoria i operacions. LDGGROUP est\u00e0 format per un equip de persones amb \u00e0mplia experi\u00e8ncia en els diferents \u00e0mbits de la gesti\u00f3 empresarial.\" \/>\n<meta property=\"og:url\" content=\"https:\/\/www.ldggroup.es\/ca\/quienes-somos\/\" \/>\n<meta property=\"og:site_name\" content=\"LDG Group\" \/>\n<meta property=\"article:modified_time\" content=\"2022-04-18T07:43:22+00:00\" \/>\n<meta name=\"twitter:card\" content=\"summary_large_image\" \/>\n<meta name=\"twitter:label1\" content=\"Temps estimat de lectura\" \/>\n\t<meta name=\"twitter:data1\" content=\"1 minut\" \/>\n<script type=\"application\/ld+json\" class=\"yoast-schema-graph\">{\"@context\":\"https:\/\/schema.org\",\"@graph\":[{\"@type\":\"WebPage\",\"@id\":\"https:\/\/www.ldggroup.es\/ca\/quienes-somos\/\",\"url\":\"https:\/\/www.ldggroup.es\/ca\/quienes-somos\/\",\"name\":\"Qui Som -\u00a0LDG\u00a0Group\u00a0- Assessorament independent a Tarragona\",\"isPartOf\":{\"@id\":\"https:\/\/www.ldggroup.es\/en\/#website\"},\"datePublished\":\"2018-06-26T09:26:39+00:00\",\"dateModified\":\"2022-04-18T07:43:22+00:00\",\"description\":\"Som una firma dedicada a l\u2019assessorament fiscal, mercantil, laboral, patrimonial, consultoria i operacions. LDGGROUP est\u00e0 format per un equip de persones amb \u00e0mplia experi\u00e8ncia en els diferents \u00e0mbits de la gesti\u00f3 empresarial.\",\"breadcrumb\":{\"@id\":\"https:\/\/www.ldggroup.es\/ca\/quienes-somos\/#breadcrumb\"},\"inLanguage\":\"ca\",\"potentialAction\":[{\"@type\":\"ReadAction\",\"target\":[\"https:\/\/www.ldggroup.es\/ca\/quienes-somos\/\"]}]},{\"@type\":\"BreadcrumbList\",\"@id\":\"https:\/\/www.ldggroup.es\/ca\/quienes-somos\/#breadcrumb\",\"itemListElement\":[{\"@type\":\"ListItem\",\"position\":1,\"name\":\"Portada\",\"item\":\"https:\/\/www.ldggroup.es\/ca\/\"},{\"@type\":\"ListItem\",\"position\":2,\"name\":\"Qui som\"}]},{\"@type\":\"WebSite\",\"@id\":\"https:\/\/www.ldggroup.es\/en\/#website\",\"url\":\"https:\/\/www.ldggroup.es\/en\/\",\"name\":\"LDG Group\",\"description\":\"Otro sitio realizado con WordPress\",\"potentialAction\":[{\"@type\":\"SearchAction\",\"target\":{\"@type\":\"EntryPoint\",\"urlTemplate\":\"https:\/\/www.ldggroup.es\/en\/?s={search_term_string}\"},\"query-input\":{\"@type\":\"PropertyValueSpecification\",\"valueRequired\":true,\"valueName\":\"search_term_string\"}}],\"inLanguage\":\"ca\"}]}<\/script>\n<!-- \/ Yoast SEO plugin. -->","yoast_head_json":{"title":"Qui Som -\u00a0LDG\u00a0Group\u00a0- Assessorament independent a Tarragona","description":"Som una firma dedicada a l\u2019assessorament fiscal, mercantil, laboral, patrimonial, consultoria i operacions. LDGGROUP est\u00e0 format per un equip de persones amb \u00e0mplia experi\u00e8ncia en els diferents \u00e0mbits de la gesti\u00f3 empresarial.","robots":{"index":"index","follow":"follow","max-snippet":"max-snippet:-1","max-image-preview":"max-image-preview:large","max-video-preview":"max-video-preview:-1"},"canonical":"https:\/\/www.ldggroup.es\/ca\/quienes-somos\/","og_locale":"ca_ES","og_type":"article","og_title":"Qui Som -\u00a0LDG\u00a0Group\u00a0- Assessorament independent a Tarragona","og_description":"Som una firma dedicada a l\u2019assessorament fiscal, mercantil, laboral, patrimonial, consultoria i operacions. LDGGROUP est\u00e0 format per un equip de persones amb \u00e0mplia experi\u00e8ncia en els diferents \u00e0mbits de la gesti\u00f3 empresarial.","og_url":"https:\/\/www.ldggroup.es\/ca\/quienes-somos\/","og_site_name":"LDG Group","article_modified_time":"2022-04-18T07:43:22+00:00","twitter_card":"summary_large_image","twitter_misc":{"Temps estimat de lectura":"1 minut"},"schema":{"@context":"https:\/\/schema.org","@graph":[{"@type":"WebPage","@id":"https:\/\/www.ldggroup.es\/ca\/quienes-somos\/","url":"https:\/\/www.ldggroup.es\/ca\/quienes-somos\/","name":"Qui Som -\u00a0LDG\u00a0Group\u00a0- Assessorament independent a Tarragona","isPartOf":{"@id":"https:\/\/www.ldggroup.es\/en\/#website"},"datePublished":"2018-06-26T09:26:39+00:00","dateModified":"2022-04-18T07:43:22+00:00","description":"Som una firma dedicada a l\u2019assessorament fiscal, mercantil, laboral, patrimonial, consultoria i operacions. LDGGROUP est\u00e0 format per un equip de persones amb \u00e0mplia experi\u00e8ncia en els diferents \u00e0mbits de la gesti\u00f3 empresarial.","breadcrumb":{"@id":"https:\/\/www.ldggroup.es\/ca\/quienes-somos\/#breadcrumb"},"inLanguage":"ca","potentialAction":[{"@type":"ReadAction","target":["https:\/\/www.ldggroup.es\/ca\/quienes-somos\/"]}]},{"@type":"BreadcrumbList","@id":"https:\/\/www.ldggroup.es\/ca\/quienes-somos\/#breadcrumb","itemListElement":[{"@type":"ListItem","position":1,"name":"Portada","item":"https:\/\/www.ldggroup.es\/ca\/"},{"@type":"ListItem","position":2,"name":"Qui som"}]},{"@type":"WebSite","@id":"https:\/\/www.ldggroup.es\/en\/#website","url":"https:\/\/www.ldggroup.es\/en\/","name":"LDG Group","description":"Otro sitio realizado con WordPress","potentialAction":[{"@type":"SearchAction","target":{"@type":"EntryPoint","urlTemplate":"https:\/\/www.ldggroup.es\/en\/?s={search_term_string}"},"query-input":{"@type":"PropertyValueSpecification","valueRequired":true,"valueName":"search_term_string"}}],"inLanguage":"ca"}]}},"_links":{"self":[{"href":"https:\/\/www.ldggroup.es\/ca\/wp-json\/wp\/v2\/pages\/15590","targetHints":{"allow":["GET"]}}],"collection":[{"href":"https:\/\/www.ldggroup.es\/ca\/wp-json\/wp\/v2\/pages"}],"about":[{"href":"https:\/\/www.ldggroup.es\/ca\/wp-json\/wp\/v2\/types\/page"}],"author":[{"embeddable":true,"href":"https:\/\/www.ldggroup.es\/ca\/wp-json\/wp\/v2\/users\/1"}],"replies":[{"embeddable":true,"href":"https:\/\/www.ldggroup.es\/ca\/wp-json\/wp\/v2\/comments?post=15590"}],"version-history":[{"count":4,"href":"https:\/\/www.ldggroup.es\/ca\/wp-json\/wp\/v2\/pages\/15590\/revisions"}],"predecessor-version":[{"id":15866,"href":"https:\/\/www.ldggroup.es\/ca\/wp-json\/wp\/v2\/pages\/15590\/revisions\/15866"}],"wp:attachment":[{"href":"https:\/\/www.ldggroup.es\/ca\/wp-json\/wp\/v2\/media?parent=15590"}],"curies":[{"name":"wp","href":"https:\/\/api.w.org\/{rel}","templated":true}]}}