{"id":15578,"date":"2018-06-26T10:18:48","date_gmt":"2018-06-26T10:18:48","guid":{"rendered":"https:\/\/www.ldggroup.es\/consultoria-y-operaciones\/"},"modified":"2022-04-13T14:30:34","modified_gmt":"2022-04-13T14:30:34","slug":"consultoria-y-operaciones","status":"publish","type":"page","link":"https:\/\/www.ldggroup.es\/ca\/servicios\/consultoria-y-operaciones\/","title":{"rendered":"Consultoria i Operacions"},"content":{"rendered":"<p>[vc_row css_animation=&#8221;&#8221; row_type=&#8221;row&#8221; use_row_as_full_screen_section=&#8221;no&#8221; type=&#8221;full_width&#8221; angled_section=&#8221;no&#8221; text_align=&#8221;left&#8221; background_image_as_pattern=&#8221;without_pattern&#8221; padding_top=&#8221;100&#8243; padding_bottom=&#8221;80&#8243; css=&#8221;.vc_custom_1530005396753{background-image: url(https:\/\/www.ldggroup.es\/wp-content\/uploads\/2018\/06\/banner-paginas.jpg?id=15438) !important;}&#8221; z_index=&#8221;&#8221;][vc_column][vc_column_text]<\/p>\n<h2 style=\"text-align: center;\"><span style=\"color: #ffffff;\">Consultoria i Operacions<\/span><\/h2>\n<p>[\/vc_column_text][\/vc_column][\/vc_row][vc_row css_animation=&#8221;&#8221; row_type=&#8221;row&#8221; use_row_as_full_screen_section=&#8221;no&#8221; type=&#8221;grid&#8221; angled_section=&#8221;no&#8221; text_align=&#8221;left&#8221; background_image_as_pattern=&#8221;without_pattern&#8221; padding_top=&#8221;80&#8243; padding_bottom=&#8221;60&#8243; z_index=&#8221;&#8221; css=&#8221;.vc_custom_1530005459101{background-color: #ffffff !important;}&#8221;][vc_column width=&#8221;2\/6&#8243;][vc_empty_space][vc_column_text]<\/p>\n<div class=\"column1\">\n<div class=\"column_inner\">\n<aside>\n<div class=\"widget\">\n<div class=\"menu-sidemenu-container\">\n<ul id=\"menu-sidemenu\" class=\"menu\">\n<li id=\"menu-item-320\" class=\"menu-item menu-item-type-post_type menu-item-object-page current-menu-item page_item page-item-227 current_page_item menu-item-320\"><a href=\"\/ca\/servicios\/asesoramiento-fiscal-y-contable\/\">Assessorament Fiscal i Comptable<\/a><\/li>\n<li id=\"menu-item-319\" class=\"menu-item menu-item-type-post_type menu-item-object-page menu-item-319\"><a href=\"\/ca\/servicios\/asesoramiento-mercantil\/\">Assessorament Mercantil<\/a><\/li>\n<li id=\"menu-item-318\" class=\"menu-item menu-item-type-post_type menu-item-object-page menu-item-318\"><a href=\"\/ca\/servicios\/asesoramiento-laboral-y-en-recursos-humanos\/\">Assessorament Laboral i en Recursos Humans<\/a><\/li>\n<li id=\"menu-item-316\" class=\"menu-item menu-item-type-post_type menu-item-object-page menu-item-316\"><span style=\"color: #004c98;\"><a style=\"color: #004c98;\" href=\"\/ca\/servicios\/consultoria-y-operaciones\/\">Consultoria i Operacions<\/a><\/span><\/li>\n<\/ul>\n<\/div>\n<\/div>\n<\/aside>\n<\/div>\n<\/div>\n<p>[\/vc_column_text][\/vc_column][vc_column width=&#8221;4\/6&#8243;][vc_column_text]<\/p>\n<p>&nbsp;<\/p>\n<h3 style=\"text-align: left;\">Desenvolupem, transformem i potenciem el seu negoci<\/h3>\n<p>&nbsp;<\/p>\n<p>Amb personalitat pr\u00f2pia, des de MERLION VENTURES &amp; ADVISORY, oferim solucions personalitzades a cada client, adaptant-nos a les seves necessitats. Desenvolupem, transformem y potenciem el seu negoci, centrant-nos en tres activitats fonamentals:<\/p>\n<h5 class=\"arrow blue\">Accelerar projectes<\/h5>\n<ul>\n<li>Facilitar l\u2019entrada a nous mercats<\/li>\n<li>Definir vies de creixement<\/li>\n<li>Identificar oportunitats d\u2019inversi\u00f3<\/li>\n<li>La captaci\u00f3 de capital<\/li>\n<li>Presa de decisions estrat\u00e8giques<\/li>\n<\/ul>\n<p>&nbsp;<\/p>\n<h5 class=\"arrow blue\">Facilitar fonts de finan\u00e7ament<\/h5>\n<ul>\n<li>Recerca de finan\u00e7ament i inversors<\/li>\n<li>Inversi\u00f3 en actius amb rendibilitat<\/li>\n<li>Private equity, venture capital<\/li>\n<li>Accelerador de projectes<\/li>\n<li>An\u00e0lisis de la viabilitat t\u00e8cnica, econ\u00f2mica i financera dels projectes<\/li>\n<li>Estudi de vies de creixement<\/li>\n<li>Localitzaci\u00f3 de socis operatius i estrat\u00e8gics<\/li>\n<li>Gesti\u00f3 de les vies de finan\u00e7ament<\/li>\n<li>Gesti\u00f3 del proc\u00e9s de transacci\u00f3<\/li>\n<li>Negociaci\u00f3 i obtenci\u00f3 de condicions favorables para tancar amb \u00e8xit l\u2019operaci\u00f3<\/li>\n<\/ul>\n<p>&nbsp;<\/p>\n<h5 class=\"arrow blue\">Consultoria estrat\u00e8gica<\/h5>\n<ul>\n<li>Assessorament financer, econ\u00f2mic y estrat\u00e8gic.<\/li>\n<li>Assessorament en captaci\u00f3 de capital via deute, reestructuracions de capital, adquisicions, fusiones, desinversions, jointventures i aliances en transaccions.<\/li>\n<li>An\u00e0lisis d\u2019opcions estrat\u00e8giques.<\/li>\n<li>Realitzaci\u00f3 de valoracions d\u2019empreses.<\/li>\n<li>Estructuraci\u00f3 de l\u2019 operaci\u00f3.<\/li>\n<li>Disseny de mecanismes per presentar l\u2019 operaci\u00f3 al mercat..<\/li>\n<\/ul>\n<p>&nbsp;<\/p>\n<h5 class=\"arrow blue\">Operacions Corporatives<\/h5>\n<ul>\n<li>Identificaci\u00f3 d\u2019objectius a adquirir.<\/li>\n<li>Identificaci\u00f3 de socis o compradors.<\/li>\n<li>Preparaci\u00f3 de l\u2019 empresa per al proc\u00e9s corporatiu.<\/li>\n<li>Suport de fonts de finan\u00e7ament.<\/li>\n<li>Suport en la definici\u00f3 de l\u2019estructura fiscal i corporativa adequada.<\/li>\n<li>Gesti\u00f3 del proc\u00e9s de transacci\u00f3.<\/li>\n<li>Compra o venta d\u2019un negoci.<\/li>\n<li>La reestructuraci\u00f3 de capital.<\/li>\n<li>Reestructuraci\u00f3 deute.<\/li>\n<li>Dur a terme desinversions.<\/li>\n<\/ul>\n<p>[\/vc_column_text][\/vc_column][\/vc_row]<\/p>\n","protected":false},"excerpt":{"rendered":"<p>[vc_row css_animation=&#8221;&#8221; row_type=&#8221;row&#8221; use_row_as_full_screen_section=&#8221;no&#8221; type=&#8221;full_width&#8221; angled_section=&#8221;no&#8221; text_align=&#8221;left&#8221; background_image_as_pattern=&#8221;without_pattern&#8221; padding_top=&#8221;100&#8243; padding_bottom=&#8221;80&#8243; css=&#8221;.vc_custom_1530005396753{background-image: url(https:\/\/www.ldggroup.es\/wp-content\/uploads\/2018\/06\/banner-paginas.jpg?id=15438) !important;}&#8221; z_index=&#8221;&#8221;][vc_column][vc_column_text] Consultoria i Operacions [\/vc_column_text][\/vc_column][\/vc_row][vc_row css_animation=&#8221;&#8221; row_type=&#8221;row&#8221; use_row_as_full_screen_section=&#8221;no&#8221; type=&#8221;grid&#8221; angled_section=&#8221;no&#8221; text_align=&#8221;left&#8221; background_image_as_pattern=&#8221;without_pattern&#8221; padding_top=&#8221;80&#8243; padding_bottom=&#8221;60&#8243; z_index=&#8221;&#8221; css=&#8221;.vc_custom_1530005459101{background-color: #ffffff !important;}&#8221;][vc_column width=&#8221;2\/6&#8243;][vc_empty_space][vc_column_text] Assessorament Fiscal i Comptable Assessorament Mercantil Assessorament Laboral i en Recursos Humans Consultoria&#8230;<\/p>\n","protected":false},"author":1,"featured_media":0,"parent":15733,"menu_order":0,"comment_status":"closed","ping_status":"closed","template":"full_width.php","meta":{"footnotes":""},"class_list":["post-15578","page","type-page","status-publish","hentry"],"yoast_head":"<!-- This site is optimized with the Yoast SEO plugin v25.8 - https:\/\/yoast.com\/wordpress\/plugins\/seo\/ -->\n<title>Consultoria i Operacions -\u00a0LDG\u00a0Group\u00a0- Assessorament independent a Tarragona<\/title>\n<meta name=\"description\" content=\"Amb personalitat pr\u00f2pia, des de MERLION VENTURES &amp; ADVISORY, oferim solucions personalitzades a cada client, adaptant-nos a les seves necessitats.\" \/>\n<meta name=\"robots\" content=\"index, follow, max-snippet:-1, max-image-preview:large, max-video-preview:-1\" \/>\n<link rel=\"canonical\" href=\"https:\/\/www.ldggroup.es\/ca\/servicios\/consultoria-y-operaciones\/\" \/>\n<meta property=\"og:locale\" content=\"ca_ES\" \/>\n<meta property=\"og:type\" content=\"article\" \/>\n<meta property=\"og:title\" content=\"Consultoria i Operacions -\u00a0LDG\u00a0Group\u00a0- Assessorament independent a Tarragona\" \/>\n<meta property=\"og:description\" content=\"Amb personalitat pr\u00f2pia, des de MERLION VENTURES &amp; ADVISORY, oferim solucions personalitzades a cada client, adaptant-nos a les seves necessitats.\" \/>\n<meta property=\"og:url\" content=\"https:\/\/www.ldggroup.es\/ca\/servicios\/consultoria-y-operaciones\/\" \/>\n<meta property=\"og:site_name\" content=\"LDG Group\" \/>\n<meta property=\"article:modified_time\" content=\"2022-04-13T14:30:34+00:00\" \/>\n<meta name=\"twitter:card\" content=\"summary_large_image\" \/>\n<meta name=\"twitter:label1\" content=\"Temps estimat de lectura\" \/>\n\t<meta name=\"twitter:data1\" content=\"2 minuts\" \/>\n<script type=\"application\/ld+json\" class=\"yoast-schema-graph\">{\"@context\":\"https:\/\/schema.org\",\"@graph\":[{\"@type\":\"WebPage\",\"@id\":\"https:\/\/www.ldggroup.es\/ca\/servicios\/consultoria-y-operaciones\/\",\"url\":\"https:\/\/www.ldggroup.es\/ca\/servicios\/consultoria-y-operaciones\/\",\"name\":\"Consultoria i Operacions -\u00a0LDG\u00a0Group\u00a0- Assessorament independent a Tarragona\",\"isPartOf\":{\"@id\":\"https:\/\/www.ldggroup.es\/en\/#website\"},\"datePublished\":\"2018-06-26T10:18:48+00:00\",\"dateModified\":\"2022-04-13T14:30:34+00:00\",\"description\":\"Amb personalitat pr\u00f2pia, des de MERLION VENTURES & ADVISORY, oferim solucions personalitzades a cada client, adaptant-nos a les seves necessitats.\",\"breadcrumb\":{\"@id\":\"https:\/\/www.ldggroup.es\/ca\/servicios\/consultoria-y-operaciones\/#breadcrumb\"},\"inLanguage\":\"ca\",\"potentialAction\":[{\"@type\":\"ReadAction\",\"target\":[\"https:\/\/www.ldggroup.es\/ca\/servicios\/consultoria-y-operaciones\/\"]}]},{\"@type\":\"BreadcrumbList\",\"@id\":\"https:\/\/www.ldggroup.es\/ca\/servicios\/consultoria-y-operaciones\/#breadcrumb\",\"itemListElement\":[{\"@type\":\"ListItem\",\"position\":1,\"name\":\"Portada\",\"item\":\"https:\/\/www.ldggroup.es\/ca\/\"},{\"@type\":\"ListItem\",\"position\":2,\"name\":\"Serveis\",\"item\":\"https:\/\/www.ldggroup.es\/ca\/servicios\/\"},{\"@type\":\"ListItem\",\"position\":3,\"name\":\"Consultoria i Operacions\"}]},{\"@type\":\"WebSite\",\"@id\":\"https:\/\/www.ldggroup.es\/en\/#website\",\"url\":\"https:\/\/www.ldggroup.es\/en\/\",\"name\":\"LDG Group\",\"description\":\"Otro sitio realizado con WordPress\",\"potentialAction\":[{\"@type\":\"SearchAction\",\"target\":{\"@type\":\"EntryPoint\",\"urlTemplate\":\"https:\/\/www.ldggroup.es\/en\/?s={search_term_string}\"},\"query-input\":{\"@type\":\"PropertyValueSpecification\",\"valueRequired\":true,\"valueName\":\"search_term_string\"}}],\"inLanguage\":\"ca\"}]}<\/script>\n<!-- \/ Yoast SEO plugin. -->","yoast_head_json":{"title":"Consultoria i Operacions -\u00a0LDG\u00a0Group\u00a0- Assessorament independent a Tarragona","description":"Amb personalitat pr\u00f2pia, des de MERLION VENTURES & ADVISORY, oferim solucions personalitzades a cada client, adaptant-nos a les seves necessitats.","robots":{"index":"index","follow":"follow","max-snippet":"max-snippet:-1","max-image-preview":"max-image-preview:large","max-video-preview":"max-video-preview:-1"},"canonical":"https:\/\/www.ldggroup.es\/ca\/servicios\/consultoria-y-operaciones\/","og_locale":"ca_ES","og_type":"article","og_title":"Consultoria i Operacions -\u00a0LDG\u00a0Group\u00a0- Assessorament independent a Tarragona","og_description":"Amb personalitat pr\u00f2pia, des de MERLION VENTURES & ADVISORY, oferim solucions personalitzades a cada client, adaptant-nos a les seves necessitats.","og_url":"https:\/\/www.ldggroup.es\/ca\/servicios\/consultoria-y-operaciones\/","og_site_name":"LDG Group","article_modified_time":"2022-04-13T14:30:34+00:00","twitter_card":"summary_large_image","twitter_misc":{"Temps estimat de lectura":"2 minuts"},"schema":{"@context":"https:\/\/schema.org","@graph":[{"@type":"WebPage","@id":"https:\/\/www.ldggroup.es\/ca\/servicios\/consultoria-y-operaciones\/","url":"https:\/\/www.ldggroup.es\/ca\/servicios\/consultoria-y-operaciones\/","name":"Consultoria i Operacions -\u00a0LDG\u00a0Group\u00a0- Assessorament independent a Tarragona","isPartOf":{"@id":"https:\/\/www.ldggroup.es\/en\/#website"},"datePublished":"2018-06-26T10:18:48+00:00","dateModified":"2022-04-13T14:30:34+00:00","description":"Amb personalitat pr\u00f2pia, des de MERLION VENTURES & ADVISORY, oferim solucions personalitzades a cada client, adaptant-nos a les seves necessitats.","breadcrumb":{"@id":"https:\/\/www.ldggroup.es\/ca\/servicios\/consultoria-y-operaciones\/#breadcrumb"},"inLanguage":"ca","potentialAction":[{"@type":"ReadAction","target":["https:\/\/www.ldggroup.es\/ca\/servicios\/consultoria-y-operaciones\/"]}]},{"@type":"BreadcrumbList","@id":"https:\/\/www.ldggroup.es\/ca\/servicios\/consultoria-y-operaciones\/#breadcrumb","itemListElement":[{"@type":"ListItem","position":1,"name":"Portada","item":"https:\/\/www.ldggroup.es\/ca\/"},{"@type":"ListItem","position":2,"name":"Serveis","item":"https:\/\/www.ldggroup.es\/ca\/servicios\/"},{"@type":"ListItem","position":3,"name":"Consultoria i Operacions"}]},{"@type":"WebSite","@id":"https:\/\/www.ldggroup.es\/en\/#website","url":"https:\/\/www.ldggroup.es\/en\/","name":"LDG Group","description":"Otro sitio realizado con WordPress","potentialAction":[{"@type":"SearchAction","target":{"@type":"EntryPoint","urlTemplate":"https:\/\/www.ldggroup.es\/en\/?s={search_term_string}"},"query-input":{"@type":"PropertyValueSpecification","valueRequired":true,"valueName":"search_term_string"}}],"inLanguage":"ca"}]}},"_links":{"self":[{"href":"https:\/\/www.ldggroup.es\/ca\/wp-json\/wp\/v2\/pages\/15578","targetHints":{"allow":["GET"]}}],"collection":[{"href":"https:\/\/www.ldggroup.es\/ca\/wp-json\/wp\/v2\/pages"}],"about":[{"href":"https:\/\/www.ldggroup.es\/ca\/wp-json\/wp\/v2\/types\/page"}],"author":[{"embeddable":true,"href":"https:\/\/www.ldggroup.es\/ca\/wp-json\/wp\/v2\/users\/1"}],"replies":[{"embeddable":true,"href":"https:\/\/www.ldggroup.es\/ca\/wp-json\/wp\/v2\/comments?post=15578"}],"version-history":[{"count":4,"href":"https:\/\/www.ldggroup.es\/ca\/wp-json\/wp\/v2\/pages\/15578\/revisions"}],"predecessor-version":[{"id":15861,"href":"https:\/\/www.ldggroup.es\/ca\/wp-json\/wp\/v2\/pages\/15578\/revisions\/15861"}],"up":[{"embeddable":true,"href":"https:\/\/www.ldggroup.es\/ca\/wp-json\/wp\/v2\/pages\/15733"}],"wp:attachment":[{"href":"https:\/\/www.ldggroup.es\/ca\/wp-json\/wp\/v2\/media?parent=15578"}],"curies":[{"name":"wp","href":"https:\/\/api.w.org\/{rel}","templated":true}]}}