{"id":15566,"date":"2018-06-26T10:15:29","date_gmt":"2018-06-26T10:15:29","guid":{"rendered":"https:\/\/www.ldggroup.es\/asesoramiento-laboral-y-en-recursos-humanos\/"},"modified":"2022-04-13T14:30:22","modified_gmt":"2022-04-13T14:30:22","slug":"asesoramiento-laboral-y-en-recursos-humanos","status":"publish","type":"page","link":"https:\/\/www.ldggroup.es\/ca\/servicios\/asesoramiento-laboral-y-en-recursos-humanos\/","title":{"rendered":"Assessorament Laboral i en Recursos Humans"},"content":{"rendered":"<p>[vc_row css_animation=&#8221;&#8221; row_type=&#8221;row&#8221; use_row_as_full_screen_section=&#8221;no&#8221; type=&#8221;full_width&#8221; angled_section=&#8221;no&#8221; text_align=&#8221;left&#8221; background_image_as_pattern=&#8221;without_pattern&#8221; padding_top=&#8221;100&#8243; padding_bottom=&#8221;80&#8243; css=&#8221;.vc_custom_1530005396753{background-image: url(https:\/\/www.ldggroup.es\/wp-content\/uploads\/2018\/06\/banner-paginas.jpg?id=15438) !important;}&#8221; z_index=&#8221;&#8221;][vc_column][vc_column_text]<\/p>\n<h2 style=\"text-align: center;\"><span style=\"color: #ffffff;\">Assessorament Laboral i en Recursos Humans<\/span><\/h2>\n<p>[\/vc_column_text][\/vc_column][\/vc_row][vc_row css_animation=&#8221;&#8221; row_type=&#8221;row&#8221; use_row_as_full_screen_section=&#8221;no&#8221; type=&#8221;grid&#8221; angled_section=&#8221;no&#8221; text_align=&#8221;left&#8221; background_image_as_pattern=&#8221;without_pattern&#8221; padding_top=&#8221;80&#8243; padding_bottom=&#8221;60&#8243; z_index=&#8221;&#8221; css=&#8221;.vc_custom_1530005459101{background-color: #ffffff !important;}&#8221;][vc_column width=&#8221;2\/6&#8243;][vc_empty_space][vc_column_text]<\/p>\n<div class=\"column1\">\n<div class=\"column_inner\">\n<aside>\n<div class=\"widget\">\n<div class=\"menu-sidemenu-container\">\n<ul id=\"menu-sidemenu\" class=\"menu\">\n<li id=\"menu-item-320\" class=\"menu-item menu-item-type-post_type menu-item-object-page current-menu-item page_item page-item-227 current_page_item menu-item-320\"><a href=\"\/ca\/servicios\/asesoramiento-fiscal-y-contable\/\">Assessorament Fiscal i Comptable<\/a><\/li>\n<li id=\"menu-item-319\" class=\"menu-item menu-item-type-post_type menu-item-object-page menu-item-319\"><a href=\"\/ca\/servicios\/asesoramiento-mercantil\/\">Assessorament Mercantil<\/a><\/li>\n<li id=\"menu-item-318\" class=\"menu-item menu-item-type-post_type menu-item-object-page menu-item-318\"><span style=\"color: #004c98;\"><a style=\"color: #004c98;\" href=\"\/ca\/servicios\/asesoramiento-laboral-y-en-recursos-humanos\/\">Assessorament Laboral i en Recursos Humans<\/a><\/span><\/li>\n<li id=\"menu-item-316\" class=\"menu-item menu-item-type-post_type menu-item-object-page menu-item-316\"><a href=\"\/ca\/servicios\/consultoria-y-operaciones\/\">Consultoria i Operacions<\/a><\/li>\n<\/ul>\n<\/div>\n<\/div>\n<\/aside>\n<\/div>\n<\/div>\n<p>[\/vc_column_text][\/vc_column][vc_column width=&#8221;4\/6&#8243;][vc_column_text]<\/p>\n<h3>Oferim un servei integral.<\/h3>\n<p>&nbsp;<\/p>\n<p>Tant en el que es refereix al dia a dia de les relacions laborals com als temes contenciosos.<\/p>\n<p>Representem als nostres clients en les seves negociacions laborals en les seves diferents vessants.<\/p>\n<p>En coordinaci\u00f3 amb la resta de departaments, els nostres professionals actuen en processos de reestructuraci\u00f3 empresarial en el relatiu als sup\u00f2sits de successi\u00f3 a l\u2019empresa, realitzant la duediligence en els processos de compravenda d\u2019empreses.<\/p>\n<p>En l\u2019\u00e0mbit contenci\u00f3s ens encarreguem de la direcci\u00f3 lletrada dels procediments judicials davant de l\u2019ordre jurisdiccional social i contenci\u00f3s-administratiu (acomiadaments, reclamacions de drets, conflictes col\u2022lectius sancions, accidents de treball, modificaci\u00f3 substancial de les condicions de treball, etc).<\/p>\n<ul>\n<li>Assessorament i realitzaci\u00f3 de contractes laborals.<\/li>\n<li>Extinci\u00f3 de contractes i liquidaci\u00f3.<\/li>\n<li>Conciliacions davant del CMAC.<\/li>\n<li>Execuci\u00f3 de sent\u00e8ncies firmes d\u2019acomiadament.<\/li>\n<li>Recursos laborals.<\/li>\n<li>Elaboraci\u00f3 de n\u00f2mines.<\/li>\n<li>Obtenci\u00f3 de subvencions.<\/li>\n<li>Cursos de formaci\u00f3.<\/li>\n<\/ul>\n<p>[\/vc_column_text][\/vc_column][\/vc_row]<\/p>\n","protected":false},"excerpt":{"rendered":"<p>[vc_row css_animation=&#8221;&#8221; row_type=&#8221;row&#8221; use_row_as_full_screen_section=&#8221;no&#8221; type=&#8221;full_width&#8221; angled_section=&#8221;no&#8221; text_align=&#8221;left&#8221; background_image_as_pattern=&#8221;without_pattern&#8221; padding_top=&#8221;100&#8243; padding_bottom=&#8221;80&#8243; css=&#8221;.vc_custom_1530005396753{background-image: url(https:\/\/www.ldggroup.es\/wp-content\/uploads\/2018\/06\/banner-paginas.jpg?id=15438) !important;}&#8221; z_index=&#8221;&#8221;][vc_column][vc_column_text] Assessorament Laboral i en Recursos Humans [\/vc_column_text][\/vc_column][\/vc_row][vc_row css_animation=&#8221;&#8221; row_type=&#8221;row&#8221; use_row_as_full_screen_section=&#8221;no&#8221; type=&#8221;grid&#8221; angled_section=&#8221;no&#8221; text_align=&#8221;left&#8221; background_image_as_pattern=&#8221;without_pattern&#8221; padding_top=&#8221;80&#8243; padding_bottom=&#8221;60&#8243; z_index=&#8221;&#8221; css=&#8221;.vc_custom_1530005459101{background-color: #ffffff !important;}&#8221;][vc_column width=&#8221;2\/6&#8243;][vc_empty_space][vc_column_text] Assessorament Fiscal i Comptable Assessorament Mercantil Assessorament Laboral i en&#8230;<\/p>\n","protected":false},"author":1,"featured_media":0,"parent":15733,"menu_order":0,"comment_status":"closed","ping_status":"closed","template":"full_width.php","meta":{"footnotes":""},"class_list":["post-15566","page","type-page","status-publish","hentry"],"yoast_head":"<!-- This site is optimized with the Yoast SEO plugin v25.8 - https:\/\/yoast.com\/wordpress\/plugins\/seo\/ -->\n<title>Laboral i Recursos Humans -\u00a0LDG\u00a0Group\u00a0- Assessorament independent<\/title>\n<meta name=\"description\" content=\"Oferim un servei integral, tant en el que es refereix al dia a dia de les relacions laborals com als temes contenciosos.\" \/>\n<meta name=\"robots\" content=\"index, follow, max-snippet:-1, max-image-preview:large, max-video-preview:-1\" \/>\n<link rel=\"canonical\" href=\"https:\/\/www.ldggroup.es\/ca\/servicios\/asesoramiento-laboral-y-en-recursos-humanos\/\" \/>\n<meta property=\"og:locale\" content=\"ca_ES\" \/>\n<meta property=\"og:type\" content=\"article\" \/>\n<meta property=\"og:title\" content=\"Laboral i Recursos Humans -\u00a0LDG\u00a0Group\u00a0- Assessorament independent\" \/>\n<meta property=\"og:description\" content=\"Oferim un servei integral, tant en el que es refereix al dia a dia de les relacions laborals com als temes contenciosos.\" \/>\n<meta property=\"og:url\" content=\"https:\/\/www.ldggroup.es\/ca\/servicios\/asesoramiento-laboral-y-en-recursos-humanos\/\" \/>\n<meta property=\"og:site_name\" content=\"LDG Group\" \/>\n<meta property=\"article:modified_time\" content=\"2022-04-13T14:30:22+00:00\" \/>\n<meta name=\"twitter:card\" content=\"summary_large_image\" \/>\n<meta name=\"twitter:label1\" content=\"Temps estimat de lectura\" \/>\n\t<meta name=\"twitter:data1\" content=\"1 minut\" \/>\n<script type=\"application\/ld+json\" class=\"yoast-schema-graph\">{\"@context\":\"https:\/\/schema.org\",\"@graph\":[{\"@type\":\"WebPage\",\"@id\":\"https:\/\/www.ldggroup.es\/ca\/servicios\/asesoramiento-laboral-y-en-recursos-humanos\/\",\"url\":\"https:\/\/www.ldggroup.es\/ca\/servicios\/asesoramiento-laboral-y-en-recursos-humanos\/\",\"name\":\"Laboral i Recursos Humans -\u00a0LDG\u00a0Group\u00a0- Assessorament independent\",\"isPartOf\":{\"@id\":\"https:\/\/www.ldggroup.es\/en\/#website\"},\"datePublished\":\"2018-06-26T10:15:29+00:00\",\"dateModified\":\"2022-04-13T14:30:22+00:00\",\"description\":\"Oferim un servei integral, tant en el que es refereix al dia a dia de les relacions laborals com als temes contenciosos.\",\"breadcrumb\":{\"@id\":\"https:\/\/www.ldggroup.es\/ca\/servicios\/asesoramiento-laboral-y-en-recursos-humanos\/#breadcrumb\"},\"inLanguage\":\"ca\",\"potentialAction\":[{\"@type\":\"ReadAction\",\"target\":[\"https:\/\/www.ldggroup.es\/ca\/servicios\/asesoramiento-laboral-y-en-recursos-humanos\/\"]}]},{\"@type\":\"BreadcrumbList\",\"@id\":\"https:\/\/www.ldggroup.es\/ca\/servicios\/asesoramiento-laboral-y-en-recursos-humanos\/#breadcrumb\",\"itemListElement\":[{\"@type\":\"ListItem\",\"position\":1,\"name\":\"Portada\",\"item\":\"https:\/\/www.ldggroup.es\/ca\/\"},{\"@type\":\"ListItem\",\"position\":2,\"name\":\"Serveis\",\"item\":\"https:\/\/www.ldggroup.es\/ca\/servicios\/\"},{\"@type\":\"ListItem\",\"position\":3,\"name\":\"Assessorament Laboral i en Recursos Humans\"}]},{\"@type\":\"WebSite\",\"@id\":\"https:\/\/www.ldggroup.es\/en\/#website\",\"url\":\"https:\/\/www.ldggroup.es\/en\/\",\"name\":\"LDG Group\",\"description\":\"Otro sitio realizado con WordPress\",\"potentialAction\":[{\"@type\":\"SearchAction\",\"target\":{\"@type\":\"EntryPoint\",\"urlTemplate\":\"https:\/\/www.ldggroup.es\/en\/?s={search_term_string}\"},\"query-input\":{\"@type\":\"PropertyValueSpecification\",\"valueRequired\":true,\"valueName\":\"search_term_string\"}}],\"inLanguage\":\"ca\"}]}<\/script>\n<!-- \/ Yoast SEO plugin. -->","yoast_head_json":{"title":"Laboral i Recursos Humans -\u00a0LDG\u00a0Group\u00a0- Assessorament independent","description":"Oferim un servei integral, tant en el que es refereix al dia a dia de les relacions laborals com als temes contenciosos.","robots":{"index":"index","follow":"follow","max-snippet":"max-snippet:-1","max-image-preview":"max-image-preview:large","max-video-preview":"max-video-preview:-1"},"canonical":"https:\/\/www.ldggroup.es\/ca\/servicios\/asesoramiento-laboral-y-en-recursos-humanos\/","og_locale":"ca_ES","og_type":"article","og_title":"Laboral i Recursos Humans -\u00a0LDG\u00a0Group\u00a0- Assessorament independent","og_description":"Oferim un servei integral, tant en el que es refereix al dia a dia de les relacions laborals com als temes contenciosos.","og_url":"https:\/\/www.ldggroup.es\/ca\/servicios\/asesoramiento-laboral-y-en-recursos-humanos\/","og_site_name":"LDG Group","article_modified_time":"2022-04-13T14:30:22+00:00","twitter_card":"summary_large_image","twitter_misc":{"Temps estimat de lectura":"1 minut"},"schema":{"@context":"https:\/\/schema.org","@graph":[{"@type":"WebPage","@id":"https:\/\/www.ldggroup.es\/ca\/servicios\/asesoramiento-laboral-y-en-recursos-humanos\/","url":"https:\/\/www.ldggroup.es\/ca\/servicios\/asesoramiento-laboral-y-en-recursos-humanos\/","name":"Laboral i Recursos Humans -\u00a0LDG\u00a0Group\u00a0- Assessorament independent","isPartOf":{"@id":"https:\/\/www.ldggroup.es\/en\/#website"},"datePublished":"2018-06-26T10:15:29+00:00","dateModified":"2022-04-13T14:30:22+00:00","description":"Oferim un servei integral, tant en el que es refereix al dia a dia de les relacions laborals com als temes contenciosos.","breadcrumb":{"@id":"https:\/\/www.ldggroup.es\/ca\/servicios\/asesoramiento-laboral-y-en-recursos-humanos\/#breadcrumb"},"inLanguage":"ca","potentialAction":[{"@type":"ReadAction","target":["https:\/\/www.ldggroup.es\/ca\/servicios\/asesoramiento-laboral-y-en-recursos-humanos\/"]}]},{"@type":"BreadcrumbList","@id":"https:\/\/www.ldggroup.es\/ca\/servicios\/asesoramiento-laboral-y-en-recursos-humanos\/#breadcrumb","itemListElement":[{"@type":"ListItem","position":1,"name":"Portada","item":"https:\/\/www.ldggroup.es\/ca\/"},{"@type":"ListItem","position":2,"name":"Serveis","item":"https:\/\/www.ldggroup.es\/ca\/servicios\/"},{"@type":"ListItem","position":3,"name":"Assessorament Laboral i en Recursos Humans"}]},{"@type":"WebSite","@id":"https:\/\/www.ldggroup.es\/en\/#website","url":"https:\/\/www.ldggroup.es\/en\/","name":"LDG Group","description":"Otro sitio realizado con WordPress","potentialAction":[{"@type":"SearchAction","target":{"@type":"EntryPoint","urlTemplate":"https:\/\/www.ldggroup.es\/en\/?s={search_term_string}"},"query-input":{"@type":"PropertyValueSpecification","valueRequired":true,"valueName":"search_term_string"}}],"inLanguage":"ca"}]}},"_links":{"self":[{"href":"https:\/\/www.ldggroup.es\/ca\/wp-json\/wp\/v2\/pages\/15566","targetHints":{"allow":["GET"]}}],"collection":[{"href":"https:\/\/www.ldggroup.es\/ca\/wp-json\/wp\/v2\/pages"}],"about":[{"href":"https:\/\/www.ldggroup.es\/ca\/wp-json\/wp\/v2\/types\/page"}],"author":[{"embeddable":true,"href":"https:\/\/www.ldggroup.es\/ca\/wp-json\/wp\/v2\/users\/1"}],"replies":[{"embeddable":true,"href":"https:\/\/www.ldggroup.es\/ca\/wp-json\/wp\/v2\/comments?post=15566"}],"version-history":[{"count":6,"href":"https:\/\/www.ldggroup.es\/ca\/wp-json\/wp\/v2\/pages\/15566\/revisions"}],"predecessor-version":[{"id":15860,"href":"https:\/\/www.ldggroup.es\/ca\/wp-json\/wp\/v2\/pages\/15566\/revisions\/15860"}],"up":[{"embeddable":true,"href":"https:\/\/www.ldggroup.es\/ca\/wp-json\/wp\/v2\/pages\/15733"}],"wp:attachment":[{"href":"https:\/\/www.ldggroup.es\/ca\/wp-json\/wp\/v2\/media?parent=15566"}],"curies":[{"name":"wp","href":"https:\/\/api.w.org\/{rel}","templated":true}]}}