{"id":15562,"date":"2018-06-26T10:09:28","date_gmt":"2018-06-26T10:09:28","guid":{"rendered":"https:\/\/www.ldggroup.es\/asesoramiento-fiscal-y-contable\/"},"modified":"2022-04-13T14:30:01","modified_gmt":"2022-04-13T14:30:01","slug":"asesoramiento-fiscal-y-contable","status":"publish","type":"page","link":"https:\/\/www.ldggroup.es\/ca\/servicios\/asesoramiento-fiscal-y-contable\/","title":{"rendered":"Assessorament Fiscal i Comptable"},"content":{"rendered":"<p>[vc_row css_animation=&#8221;&#8221; row_type=&#8221;row&#8221; use_row_as_full_screen_section=&#8221;no&#8221; type=&#8221;full_width&#8221; angled_section=&#8221;no&#8221; text_align=&#8221;left&#8221; background_image_as_pattern=&#8221;without_pattern&#8221; padding_top=&#8221;100&#8243; padding_bottom=&#8221;80&#8243; css=&#8221;.vc_custom_1530005396753{background-image: url(https:\/\/www.ldggroup.es\/wp-content\/uploads\/2018\/06\/banner-paginas.jpg?id=15438) !important;}&#8221; z_index=&#8221;&#8221;][vc_column][vc_column_text]<\/p>\n<h2 style=\"text-align: center;\"><span style=\"color: #ffffff;\">Assessorament Fiscal i Comptable<\/span><\/h2>\n<p>[\/vc_column_text][\/vc_column][\/vc_row][vc_row css_animation=&#8221;&#8221; row_type=&#8221;row&#8221; use_row_as_full_screen_section=&#8221;no&#8221; type=&#8221;grid&#8221; angled_section=&#8221;no&#8221; text_align=&#8221;left&#8221; background_image_as_pattern=&#8221;without_pattern&#8221; padding_top=&#8221;80&#8243; padding_bottom=&#8221;60&#8243; z_index=&#8221;&#8221; css=&#8221;.vc_custom_1530005459101{background-color: #ffffff !important;}&#8221;][vc_column width=&#8221;2\/6&#8243;][vc_empty_space][vc_column_text]<\/p>\n<div class=\"column1\">\n<div class=\"column_inner\">\n<aside>\n<div class=\"widget\">\n<div class=\"menu-sidemenu-container\">\n<ul id=\"menu-sidemenu\" class=\"menu\">\n<li id=\"menu-item-320\" class=\"menu-item menu-item-type-post_type menu-item-object-page current-menu-item page_item page-item-227 current_page_item menu-item-320\"><span style=\"color: #004c98;\"><a style=\"color: #004c98;\" href=\"\/ca\/servicios\/asesoramiento-fiscal-y-contable\/\">Assessorament Fiscal i Comptable<\/a><\/span><\/li>\n<li id=\"menu-item-319\" class=\"menu-item menu-item-type-post_type menu-item-object-page menu-item-319\"><a href=\"\/ca\/servicios\/asesoramiento-mercantil\/\">Assessorament Mercantil<\/a><\/li>\n<li id=\"menu-item-318\" class=\"menu-item menu-item-type-post_type menu-item-object-page menu-item-318\"><a href=\"\/ca\/servicios\/asesoramiento-laboral-y-en-recursos-humanos\/\">Assessorament Laboral i en Recursos Humans<\/a><\/li>\n<li id=\"menu-item-317\" class=\"menu-item menu-item-type-post_type menu-item-object-page menu-item-317\"><a href=\"\/ca\/servicios\/consultoria-y-operaciones\/\">Consultoria i Operacions<\/a><\/li>\n<\/ul>\n<\/div>\n<\/div>\n<\/aside>\n<\/div>\n<\/div>\n<p>[\/vc_column_text][\/vc_column][vc_column width=&#8221;4\/6&#8243;][vc_column_text]<\/p>\n<p>&nbsp;<\/p>\n<h3 style=\"text-align: left;\">Especialistes perfectament actualizats<\/h3>\n<p>&nbsp;<\/p>\n<p>La normativa tribut\u00e0ria \u00e9s complexa i canviant, i una empresa\/contribuent necessita estar ben assessorada per especialistes que estiguin perfectament actualitzats i que s\u00e0piguen veure les oportunitats i beneficis fiscals, aix\u00ed com advertir de les incid\u00e8ncies o amenaces.<\/p>\n<ul>\n<li>Assessorament fiscal i comptable.<\/li>\n<li>Emissi\u00f3 de dict\u00e0mens sobre q\u00fcestions jur\u00eddico-tributaries.<\/li>\n<li>Planificaci\u00f3 fiscal societ\u00e0ria i familiar\/personal.<\/li>\n<li>Representaci\u00f3 davant de les Hisendes P\u00fabliques i Tribunals Econ\u00f3mico-Administratius.<\/li>\n<\/ul>\n<p>Treballem amb estreta col\u2022laboraci\u00f3 amb els responsables de la gesti\u00f3 empresarial dels nostres clients, per una \u00f2ptima determinaci\u00f3 de la planificaci\u00f3 fiscal i resoluci\u00f3 dels procediments tributaris.[\/vc_column_text][\/vc_column][\/vc_row]<\/p>\n","protected":false},"excerpt":{"rendered":"<p>[vc_row css_animation=&#8221;&#8221; row_type=&#8221;row&#8221; use_row_as_full_screen_section=&#8221;no&#8221; type=&#8221;full_width&#8221; angled_section=&#8221;no&#8221; text_align=&#8221;left&#8221; background_image_as_pattern=&#8221;without_pattern&#8221; padding_top=&#8221;100&#8243; padding_bottom=&#8221;80&#8243; css=&#8221;.vc_custom_1530005396753{background-image: url(https:\/\/www.ldggroup.es\/wp-content\/uploads\/2018\/06\/banner-paginas.jpg?id=15438) !important;}&#8221; z_index=&#8221;&#8221;][vc_column][vc_column_text] Assessorament Fiscal i Comptable [\/vc_column_text][\/vc_column][\/vc_row][vc_row css_animation=&#8221;&#8221; row_type=&#8221;row&#8221; use_row_as_full_screen_section=&#8221;no&#8221; type=&#8221;grid&#8221; angled_section=&#8221;no&#8221; text_align=&#8221;left&#8221; background_image_as_pattern=&#8221;without_pattern&#8221; padding_top=&#8221;80&#8243; padding_bottom=&#8221;60&#8243; z_index=&#8221;&#8221; css=&#8221;.vc_custom_1530005459101{background-color: #ffffff !important;}&#8221;][vc_column width=&#8221;2\/6&#8243;][vc_empty_space][vc_column_text] Assessorament Fiscal i Comptable Assessorament Mercantil Assessorament Laboral i en Recursos Humans&#8230;<\/p>\n","protected":false},"author":1,"featured_media":0,"parent":15733,"menu_order":0,"comment_status":"closed","ping_status":"closed","template":"full_width.php","meta":{"footnotes":""},"class_list":["post-15562","page","type-page","status-publish","hentry"],"yoast_head":"<!-- This site is optimized with the Yoast SEO plugin v25.8 - https:\/\/yoast.com\/wordpress\/plugins\/seo\/ -->\n<title>Fiscal i comptable - LDG Group - Assessorament independent a Tarragona<\/title>\n<meta name=\"description\" content=\"La normativa tribut\u00e0ria \u00e9s complexa i canviant, i una empresa\/contribuent necessita estar ben assessorada per especialistes que estiguin perfectament actualitzats i que s\u00e0piguen veure les oportunitats i beneficis fiscals.\" \/>\n<meta name=\"robots\" content=\"index, follow, max-snippet:-1, max-image-preview:large, max-video-preview:-1\" \/>\n<link rel=\"canonical\" href=\"https:\/\/www.ldggroup.es\/ca\/servicios\/asesoramiento-fiscal-y-contable\/\" \/>\n<meta property=\"og:locale\" content=\"ca_ES\" \/>\n<meta property=\"og:type\" content=\"article\" \/>\n<meta property=\"og:title\" content=\"Fiscal i comptable - LDG Group - Assessorament independent a Tarragona\" \/>\n<meta property=\"og:description\" content=\"La normativa tribut\u00e0ria \u00e9s complexa i canviant, i una empresa\/contribuent necessita estar ben assessorada per especialistes que estiguin perfectament actualitzats i que s\u00e0piguen veure les oportunitats i beneficis fiscals.\" \/>\n<meta property=\"og:url\" content=\"https:\/\/www.ldggroup.es\/ca\/servicios\/asesoramiento-fiscal-y-contable\/\" \/>\n<meta property=\"og:site_name\" content=\"LDG Group\" \/>\n<meta property=\"article:modified_time\" content=\"2022-04-13T14:30:01+00:00\" \/>\n<meta name=\"twitter:card\" content=\"summary_large_image\" \/>\n<meta name=\"twitter:label1\" content=\"Temps estimat de lectura\" \/>\n\t<meta name=\"twitter:data1\" content=\"1 minut\" \/>\n<script type=\"application\/ld+json\" class=\"yoast-schema-graph\">{\"@context\":\"https:\/\/schema.org\",\"@graph\":[{\"@type\":\"WebPage\",\"@id\":\"https:\/\/www.ldggroup.es\/ca\/servicios\/asesoramiento-fiscal-y-contable\/\",\"url\":\"https:\/\/www.ldggroup.es\/ca\/servicios\/asesoramiento-fiscal-y-contable\/\",\"name\":\"Fiscal i comptable - LDG Group - Assessorament independent a Tarragona\",\"isPartOf\":{\"@id\":\"https:\/\/www.ldggroup.es\/en\/#website\"},\"datePublished\":\"2018-06-26T10:09:28+00:00\",\"dateModified\":\"2022-04-13T14:30:01+00:00\",\"description\":\"La normativa tribut\u00e0ria \u00e9s complexa i canviant, i una empresa\/contribuent necessita estar ben assessorada per especialistes que estiguin perfectament actualitzats i que s\u00e0piguen veure les oportunitats i beneficis fiscals.\",\"breadcrumb\":{\"@id\":\"https:\/\/www.ldggroup.es\/ca\/servicios\/asesoramiento-fiscal-y-contable\/#breadcrumb\"},\"inLanguage\":\"ca\",\"potentialAction\":[{\"@type\":\"ReadAction\",\"target\":[\"https:\/\/www.ldggroup.es\/ca\/servicios\/asesoramiento-fiscal-y-contable\/\"]}]},{\"@type\":\"BreadcrumbList\",\"@id\":\"https:\/\/www.ldggroup.es\/ca\/servicios\/asesoramiento-fiscal-y-contable\/#breadcrumb\",\"itemListElement\":[{\"@type\":\"ListItem\",\"position\":1,\"name\":\"Portada\",\"item\":\"https:\/\/www.ldggroup.es\/ca\/\"},{\"@type\":\"ListItem\",\"position\":2,\"name\":\"Serveis\",\"item\":\"https:\/\/www.ldggroup.es\/ca\/servicios\/\"},{\"@type\":\"ListItem\",\"position\":3,\"name\":\"Assessorament Fiscal i Comptable\"}]},{\"@type\":\"WebSite\",\"@id\":\"https:\/\/www.ldggroup.es\/en\/#website\",\"url\":\"https:\/\/www.ldggroup.es\/en\/\",\"name\":\"LDG Group\",\"description\":\"Otro sitio realizado con WordPress\",\"potentialAction\":[{\"@type\":\"SearchAction\",\"target\":{\"@type\":\"EntryPoint\",\"urlTemplate\":\"https:\/\/www.ldggroup.es\/en\/?s={search_term_string}\"},\"query-input\":{\"@type\":\"PropertyValueSpecification\",\"valueRequired\":true,\"valueName\":\"search_term_string\"}}],\"inLanguage\":\"ca\"}]}<\/script>\n<!-- \/ Yoast SEO plugin. -->","yoast_head_json":{"title":"Fiscal i comptable - LDG Group - Assessorament independent a Tarragona","description":"La normativa tribut\u00e0ria \u00e9s complexa i canviant, i una empresa\/contribuent necessita estar ben assessorada per especialistes que estiguin perfectament actualitzats i que s\u00e0piguen veure les oportunitats i beneficis fiscals.","robots":{"index":"index","follow":"follow","max-snippet":"max-snippet:-1","max-image-preview":"max-image-preview:large","max-video-preview":"max-video-preview:-1"},"canonical":"https:\/\/www.ldggroup.es\/ca\/servicios\/asesoramiento-fiscal-y-contable\/","og_locale":"ca_ES","og_type":"article","og_title":"Fiscal i comptable - LDG Group - Assessorament independent a Tarragona","og_description":"La normativa tribut\u00e0ria \u00e9s complexa i canviant, i una empresa\/contribuent necessita estar ben assessorada per especialistes que estiguin perfectament actualitzats i que s\u00e0piguen veure les oportunitats i beneficis fiscals.","og_url":"https:\/\/www.ldggroup.es\/ca\/servicios\/asesoramiento-fiscal-y-contable\/","og_site_name":"LDG Group","article_modified_time":"2022-04-13T14:30:01+00:00","twitter_card":"summary_large_image","twitter_misc":{"Temps estimat de lectura":"1 minut"},"schema":{"@context":"https:\/\/schema.org","@graph":[{"@type":"WebPage","@id":"https:\/\/www.ldggroup.es\/ca\/servicios\/asesoramiento-fiscal-y-contable\/","url":"https:\/\/www.ldggroup.es\/ca\/servicios\/asesoramiento-fiscal-y-contable\/","name":"Fiscal i comptable - LDG Group - Assessorament independent a Tarragona","isPartOf":{"@id":"https:\/\/www.ldggroup.es\/en\/#website"},"datePublished":"2018-06-26T10:09:28+00:00","dateModified":"2022-04-13T14:30:01+00:00","description":"La normativa tribut\u00e0ria \u00e9s complexa i canviant, i una empresa\/contribuent necessita estar ben assessorada per especialistes que estiguin perfectament actualitzats i que s\u00e0piguen veure les oportunitats i beneficis fiscals.","breadcrumb":{"@id":"https:\/\/www.ldggroup.es\/ca\/servicios\/asesoramiento-fiscal-y-contable\/#breadcrumb"},"inLanguage":"ca","potentialAction":[{"@type":"ReadAction","target":["https:\/\/www.ldggroup.es\/ca\/servicios\/asesoramiento-fiscal-y-contable\/"]}]},{"@type":"BreadcrumbList","@id":"https:\/\/www.ldggroup.es\/ca\/servicios\/asesoramiento-fiscal-y-contable\/#breadcrumb","itemListElement":[{"@type":"ListItem","position":1,"name":"Portada","item":"https:\/\/www.ldggroup.es\/ca\/"},{"@type":"ListItem","position":2,"name":"Serveis","item":"https:\/\/www.ldggroup.es\/ca\/servicios\/"},{"@type":"ListItem","position":3,"name":"Assessorament Fiscal i Comptable"}]},{"@type":"WebSite","@id":"https:\/\/www.ldggroup.es\/en\/#website","url":"https:\/\/www.ldggroup.es\/en\/","name":"LDG Group","description":"Otro sitio realizado con WordPress","potentialAction":[{"@type":"SearchAction","target":{"@type":"EntryPoint","urlTemplate":"https:\/\/www.ldggroup.es\/en\/?s={search_term_string}"},"query-input":{"@type":"PropertyValueSpecification","valueRequired":true,"valueName":"search_term_string"}}],"inLanguage":"ca"}]}},"_links":{"self":[{"href":"https:\/\/www.ldggroup.es\/ca\/wp-json\/wp\/v2\/pages\/15562","targetHints":{"allow":["GET"]}}],"collection":[{"href":"https:\/\/www.ldggroup.es\/ca\/wp-json\/wp\/v2\/pages"}],"about":[{"href":"https:\/\/www.ldggroup.es\/ca\/wp-json\/wp\/v2\/types\/page"}],"author":[{"embeddable":true,"href":"https:\/\/www.ldggroup.es\/ca\/wp-json\/wp\/v2\/users\/1"}],"replies":[{"embeddable":true,"href":"https:\/\/www.ldggroup.es\/ca\/wp-json\/wp\/v2\/comments?post=15562"}],"version-history":[{"count":3,"href":"https:\/\/www.ldggroup.es\/ca\/wp-json\/wp\/v2\/pages\/15562\/revisions"}],"predecessor-version":[{"id":15858,"href":"https:\/\/www.ldggroup.es\/ca\/wp-json\/wp\/v2\/pages\/15562\/revisions\/15858"}],"up":[{"embeddable":true,"href":"https:\/\/www.ldggroup.es\/ca\/wp-json\/wp\/v2\/pages\/15733"}],"wp:attachment":[{"href":"https:\/\/www.ldggroup.es\/ca\/wp-json\/wp\/v2\/media?parent=15562"}],"curies":[{"name":"wp","href":"https:\/\/api.w.org\/{rel}","templated":true}]}}