{"id":15557,"date":"2018-06-26T08:48:14","date_gmt":"2018-06-26T08:48:14","guid":{"rendered":"https:\/\/www.ldggroup.es\/inicio\/"},"modified":"2022-04-18T07:41:10","modified_gmt":"2022-04-18T07:41:10","slug":"inicio","status":"publish","type":"page","link":"https:\/\/www.ldggroup.es\/ca\/","title":{"rendered":"Inici"},"content":{"rendered":"<p>[vc_row css_animation=&#8221;&#8221; row_type=&#8221;row&#8221; use_row_as_full_screen_section=&#8221;no&#8221; type=&#8221;full_width&#8221; angled_section=&#8221;no&#8221; text_align=&#8221;left&#8221; background_image_as_pattern=&#8221;without_pattern&#8221;][vc_column][vc_raw_html]JTVCbGF5ZXJzbGlkZXIlMjBpZCUzRCUyMjElMjIlNUQ=[\/vc_raw_html][\/vc_column][\/vc_row][vc_row css_animation=&#8221;&#8221; row_type=&#8221;row&#8221; use_row_as_full_screen_section=&#8221;no&#8221; type=&#8221;grid&#8221; angled_section=&#8221;no&#8221; text_align=&#8221;left&#8221; background_image_as_pattern=&#8221;without_pattern&#8221; padding_top=&#8221;130&#8243; padding_bottom=&#8221;100&#8243; z_index=&#8221;&#8221; css=&#8221;.vc_custom_1530004314221{background-color: #ffffff !important;}&#8221;][vc_column][vc_column_text]<\/p>\n<h2 style=\"text-align: center;\">Qui Som<\/h2>\n<p>[\/vc_column_text][vc_empty_space][vc_row_inner row_type=&#8221;row&#8221; type=&#8221;full_width&#8221; text_align=&#8221;left&#8221; css_animation=&#8221;&#8221; padding_top=&#8221;50&#8243;][vc_column_inner width=&#8221;1\/2&#8243;][vc_single_image image=&#8221;15422&#8243; img_size=&#8221;full&#8221; qode_css_animation=&#8221;&#8221;][\/vc_column_inner][vc_column_inner width=&#8221;1\/2&#8243;][vc_empty_space height=&#8221;15&#8243;][vc_column_text]<strong>LDGGROUP\u00a0<\/strong>Som una firma dedicada a l\u2019assessorament fiscal, laboral i de consultoria, de manera integral i de qualitat, oferint els nostres serveis tant a persones f\u00edsiques com a societats mercantils i entitats sense \u00e0nim de lucre.<\/p>\n<p>El nostre model i estructura estan orientats a oferir assessorament independent, alineat amb els interessos dels nostres clients.[\/vc_column_text][vc_empty_space]<a  itemprop=\"url\" href=\"https:\/\/www.ldggroup.es\/ca\/quienes-somos\/\" target=\"_self\"  class=\"qbutton  default\" style=\"\">m\u00e9s<\/a>[\/vc_column_inner][\/vc_row_inner][\/vc_column][\/vc_row][vc_row css_animation=&#8221;&#8221; row_type=&#8221;row&#8221; use_row_as_full_screen_section=&#8221;no&#8221; type=&#8221;full_width&#8221; angled_section=&#8221;no&#8221; text_align=&#8221;left&#8221; background_image_as_pattern=&#8221;without_pattern&#8221; padding_top=&#8221;70&#8243; padding_bottom=&#8221;50&#8243; css=&#8221;.vc_custom_1530003590733{background-image: url(https:\/\/www.ldggroup.es\/wp-content\/uploads\/2018\/06\/blackboard-1024&#215;247.jpg?id=15426) !important;}&#8221; z_index=&#8221;&#8221;][vc_column][vc_column_text]<\/p>\n<h3 style=\"text-align: center;\"><span style=\"color: #ffffff;\"><strong>Som un equip amb \u00e0mplia experi\u00e8ncia aportant valor<\/strong> en els diferents \u00e0mbits de la gesti\u00f3 empresarial<\/span><\/h3>\n<p>[\/vc_column_text][\/vc_column][\/vc_row][vc_row css_animation=&#8221;&#8221; row_type=&#8221;row&#8221; use_row_as_full_screen_section=&#8221;no&#8221; type=&#8221;grid&#8221; angled_section=&#8221;no&#8221; text_align=&#8221;left&#8221; background_image_as_pattern=&#8221;without_pattern&#8221; padding_top=&#8221;150&#8243; padding_bottom=&#8221;100&#8243; z_index=&#8221;&#8221; css=&#8221;.vc_custom_1530004342631{background-color: #ffffff !important;}&#8221;][vc_column][vc_column_text]<\/p>\n<h2 style=\"text-align: center;\">Serveis d\u2019 Assessorament<\/h2>\n<p>[\/vc_column_text][vc_empty_space][vc_row_inner row_type=&#8221;row&#8221; type=&#8221;full_width&#8221; text_align=&#8221;left&#8221; css_animation=&#8221;&#8221; padding_top=&#8221;50&#8243;][vc_column_inner width=&#8221;1\/5&#8243;]<span data-type=\"normal\"  class=\"qode_icon_shortcode  q_font_awsome_icon fa-3x pull-center \" style=\" \"><a  itemprop=\"url\" href=\"https:\/\/www.ldggroup.es\/ca\/asesoramiento-fiscal-y-contable\/\" target=\"_self\"><i class=\"qode_icon_font_awesome fa fa-database qode_icon_element\" style=\"\" ><\/i><\/a><\/span>[vc_empty_space height=&#8221;13&#8243;][vc_column_text]<\/p>\n<h6 style=\"text-align: center;\">Fiscal Comptable<\/h6>\n<p>[\/vc_column_text][\/vc_column_inner][vc_column_inner width=&#8221;1\/5&#8243;]<span data-type=\"normal\"  class=\"qode_icon_shortcode  q_font_awsome_icon fa-3x pull-center \" style=\" \"><a  itemprop=\"url\" href=\"https:\/\/www.ldggroup.es\/ca\/asesoramiento-mercantil\/\" target=\"_self\"><i class=\"qode_icon_font_awesome fa fa-handshake-o qode_icon_element\" style=\"\" ><\/i><\/a><\/span>[vc_empty_space height=&#8221;13&#8243;][vc_column_text]<\/p>\n<h6 style=\"text-align: center;\">Mercantil<\/h6>\n<p>[\/vc_column_text][\/vc_column_inner][vc_column_inner width=&#8221;1\/5&#8243;]<span data-type=\"normal\"  class=\"qode_icon_shortcode  q_font_awsome_icon fa-3x pull-center \" style=\" \"><a  itemprop=\"url\" href=\"https:\/\/www.ldggroup.es\/ca\/asesoramiento-laboral-y-en-recursos-humanos\/\" target=\"_self\"><i class=\"qode_icon_font_awesome fa fa-users qode_icon_element\" style=\"\" ><\/i><\/a><\/span>[vc_empty_space height=&#8221;13&#8243;][vc_column_text]<\/p>\n<h6 style=\"text-align: center;\">Laboral Recursos Humans<\/h6>\n<p>[\/vc_column_text][\/vc_column_inner][vc_column_inner width=&#8221;1\/5&#8243;]<span data-type=\"normal\"  class=\"qode_icon_shortcode  q_font_awsome_icon fa-3x pull-center \" style=\" \"><a  itemprop=\"url\" href=\"https:\/\/www.ldggroup.es\/ca\/consultoria-y-operaciones\/\" target=\"_self\"><i class=\"qode_icon_font_awesome fa fa-file-excel-o qode_icon_element\" style=\"\" ><\/i><\/a><\/span>[vc_empty_space height=&#8221;13&#8243;][vc_column_text]<\/p>\n<h6 style=\"text-align: center;\">Consultoria Operacions<\/h6>\n<p>[\/vc_column_text][\/vc_column_inner][vc_column_inner width=&#8221;1\/5&#8243;]<span data-type=\"normal\"  class=\"qode_icon_shortcode  q_font_awsome_icon fa-3x pull-center \" style=\" \"><a  itemprop=\"url\" href=\"https:\/\/www.ldggroup.es\/ca\/contacto\/\" target=\"_self\"><i class=\"qode_icon_font_awesome fa fa-question qode_icon_element\" style=\"\" ><\/i><\/a><\/span>[vc_empty_space height=&#8221;13&#8243;][vc_column_text]<\/p>\n<h6 style=\"text-align: center;\">Tens dubtes?<\/h6>\n<p>[\/vc_column_text][\/vc_column_inner][\/vc_row_inner][\/vc_column][\/vc_row]<\/p>\n","protected":false},"excerpt":{"rendered":"<p>[vc_row css_animation=&#8221;&#8221; row_type=&#8221;row&#8221; use_row_as_full_screen_section=&#8221;no&#8221; type=&#8221;full_width&#8221; angled_section=&#8221;no&#8221; text_align=&#8221;left&#8221; background_image_as_pattern=&#8221;without_pattern&#8221;][vc_column][vc_raw_html]JTVCbGF5ZXJzbGlkZXIlMjBpZCUzRCUyMjElMjIlNUQ=[\/vc_raw_html][\/vc_column][\/vc_row][vc_row css_animation=&#8221;&#8221; row_type=&#8221;row&#8221; use_row_as_full_screen_section=&#8221;no&#8221; type=&#8221;grid&#8221; angled_section=&#8221;no&#8221; text_align=&#8221;left&#8221; background_image_as_pattern=&#8221;without_pattern&#8221; padding_top=&#8221;130&#8243; padding_bottom=&#8221;100&#8243; z_index=&#8221;&#8221; css=&#8221;.vc_custom_1530004314221{background-color: #ffffff !important;}&#8221;][vc_column][vc_column_text] Qui Som [\/vc_column_text][vc_empty_space][vc_row_inner row_type=&#8221;row&#8221; type=&#8221;full_width&#8221; text_align=&#8221;left&#8221; css_animation=&#8221;&#8221; padding_top=&#8221;50&#8243;][vc_column_inner width=&#8221;1\/2&#8243;][vc_single_image image=&#8221;15422&#8243; img_size=&#8221;full&#8221; qode_css_animation=&#8221;&#8221;][\/vc_column_inner][vc_column_inner width=&#8221;1\/2&#8243;][vc_empty_space height=&#8221;15&#8243;][vc_column_text]LDGGROUP\u00a0Som una firma dedicada a l\u2019assessorament fiscal, laboral i de consultoria,&#8230;<\/p>\n","protected":false},"author":1,"featured_media":0,"parent":0,"menu_order":0,"comment_status":"closed","ping_status":"closed","template":"full_width.php","meta":{"footnotes":""},"class_list":["post-15557","page","type-page","status-publish","hentry"],"yoast_head":"<!-- This site is optimized with the Yoast SEO plugin v25.8 - https:\/\/yoast.com\/wordpress\/plugins\/seo\/ -->\n<title>LDG Group - Assessorament independent a Tarragona<\/title>\n<meta name=\"description\" content=\"A LDGGROUP, tenim com a objectiu, la prestaci\u00f3 de serveis professionals integrats i de qualitat per donar resposta \u00e0mplia i efica\u00e7 a la problem\u00e0tica empresarial, complexa i canviant.\" \/>\n<meta name=\"robots\" content=\"index, follow, max-snippet:-1, max-image-preview:large, max-video-preview:-1\" \/>\n<link rel=\"canonical\" href=\"https:\/\/www.ldggroup.es\/ca\/\" \/>\n<meta property=\"og:locale\" content=\"ca_ES\" \/>\n<meta property=\"og:type\" content=\"article\" \/>\n<meta property=\"og:title\" content=\"LDG Group - Assessorament independent a Tarragona\" \/>\n<meta property=\"og:description\" content=\"A LDGGROUP, tenim com a objectiu, la prestaci\u00f3 de serveis professionals integrats i de qualitat per donar resposta \u00e0mplia i efica\u00e7 a la problem\u00e0tica empresarial, complexa i canviant.\" \/>\n<meta property=\"og:url\" content=\"https:\/\/www.ldggroup.es\/ca\/\" \/>\n<meta property=\"og:site_name\" content=\"LDG Group\" \/>\n<meta property=\"article:modified_time\" content=\"2022-04-18T07:41:10+00:00\" \/>\n<meta name=\"twitter:card\" content=\"summary_large_image\" \/>\n<meta name=\"twitter:label1\" content=\"Temps estimat de lectura\" \/>\n\t<meta name=\"twitter:data1\" content=\"1 minut\" \/>\n<script type=\"application\/ld+json\" class=\"yoast-schema-graph\">{\"@context\":\"https:\/\/schema.org\",\"@graph\":[{\"@type\":\"WebPage\",\"@id\":\"https:\/\/www.ldggroup.es\/ca\/\",\"url\":\"https:\/\/www.ldggroup.es\/ca\/\",\"name\":\"LDG Group - Assessorament independent a Tarragona\",\"isPartOf\":{\"@id\":\"https:\/\/www.ldggroup.es\/en\/#website\"},\"datePublished\":\"2018-06-26T08:48:14+00:00\",\"dateModified\":\"2022-04-18T07:41:10+00:00\",\"description\":\"A LDGGROUP, tenim com a objectiu, la prestaci\u00f3 de serveis professionals integrats i de qualitat per donar resposta \u00e0mplia i efica\u00e7 a la problem\u00e0tica empresarial, complexa i canviant.\",\"breadcrumb\":{\"@id\":\"https:\/\/www.ldggroup.es\/ca\/#breadcrumb\"},\"inLanguage\":\"ca\",\"potentialAction\":[{\"@type\":\"ReadAction\",\"target\":[\"https:\/\/www.ldggroup.es\/ca\/\"]}]},{\"@type\":\"BreadcrumbList\",\"@id\":\"https:\/\/www.ldggroup.es\/ca\/#breadcrumb\",\"itemListElement\":[{\"@type\":\"ListItem\",\"position\":1,\"name\":\"Portada\",\"item\":\"https:\/\/www.ldggroup.es\/ca\/\"},{\"@type\":\"ListItem\",\"position\":2,\"name\":\"Inici\"}]},{\"@type\":\"WebSite\",\"@id\":\"https:\/\/www.ldggroup.es\/en\/#website\",\"url\":\"https:\/\/www.ldggroup.es\/en\/\",\"name\":\"LDG Group\",\"description\":\"Otro sitio realizado con WordPress\",\"potentialAction\":[{\"@type\":\"SearchAction\",\"target\":{\"@type\":\"EntryPoint\",\"urlTemplate\":\"https:\/\/www.ldggroup.es\/en\/?s={search_term_string}\"},\"query-input\":{\"@type\":\"PropertyValueSpecification\",\"valueRequired\":true,\"valueName\":\"search_term_string\"}}],\"inLanguage\":\"ca\"}]}<\/script>\n<!-- \/ Yoast SEO plugin. -->","yoast_head_json":{"title":"LDG Group - Assessorament independent a Tarragona","description":"A LDGGROUP, tenim com a objectiu, la prestaci\u00f3 de serveis professionals integrats i de qualitat per donar resposta \u00e0mplia i efica\u00e7 a la problem\u00e0tica empresarial, complexa i canviant.","robots":{"index":"index","follow":"follow","max-snippet":"max-snippet:-1","max-image-preview":"max-image-preview:large","max-video-preview":"max-video-preview:-1"},"canonical":"https:\/\/www.ldggroup.es\/ca\/","og_locale":"ca_ES","og_type":"article","og_title":"LDG Group - Assessorament independent a Tarragona","og_description":"A LDGGROUP, tenim com a objectiu, la prestaci\u00f3 de serveis professionals integrats i de qualitat per donar resposta \u00e0mplia i efica\u00e7 a la problem\u00e0tica empresarial, complexa i canviant.","og_url":"https:\/\/www.ldggroup.es\/ca\/","og_site_name":"LDG Group","article_modified_time":"2022-04-18T07:41:10+00:00","twitter_card":"summary_large_image","twitter_misc":{"Temps estimat de lectura":"1 minut"},"schema":{"@context":"https:\/\/schema.org","@graph":[{"@type":"WebPage","@id":"https:\/\/www.ldggroup.es\/ca\/","url":"https:\/\/www.ldggroup.es\/ca\/","name":"LDG Group - Assessorament independent a Tarragona","isPartOf":{"@id":"https:\/\/www.ldggroup.es\/en\/#website"},"datePublished":"2018-06-26T08:48:14+00:00","dateModified":"2022-04-18T07:41:10+00:00","description":"A LDGGROUP, tenim com a objectiu, la prestaci\u00f3 de serveis professionals integrats i de qualitat per donar resposta \u00e0mplia i efica\u00e7 a la problem\u00e0tica empresarial, complexa i canviant.","breadcrumb":{"@id":"https:\/\/www.ldggroup.es\/ca\/#breadcrumb"},"inLanguage":"ca","potentialAction":[{"@type":"ReadAction","target":["https:\/\/www.ldggroup.es\/ca\/"]}]},{"@type":"BreadcrumbList","@id":"https:\/\/www.ldggroup.es\/ca\/#breadcrumb","itemListElement":[{"@type":"ListItem","position":1,"name":"Portada","item":"https:\/\/www.ldggroup.es\/ca\/"},{"@type":"ListItem","position":2,"name":"Inici"}]},{"@type":"WebSite","@id":"https:\/\/www.ldggroup.es\/en\/#website","url":"https:\/\/www.ldggroup.es\/en\/","name":"LDG Group","description":"Otro sitio realizado con WordPress","potentialAction":[{"@type":"SearchAction","target":{"@type":"EntryPoint","urlTemplate":"https:\/\/www.ldggroup.es\/en\/?s={search_term_string}"},"query-input":{"@type":"PropertyValueSpecification","valueRequired":true,"valueName":"search_term_string"}}],"inLanguage":"ca"}]}},"_links":{"self":[{"href":"https:\/\/www.ldggroup.es\/ca\/wp-json\/wp\/v2\/pages\/15557","targetHints":{"allow":["GET"]}}],"collection":[{"href":"https:\/\/www.ldggroup.es\/ca\/wp-json\/wp\/v2\/pages"}],"about":[{"href":"https:\/\/www.ldggroup.es\/ca\/wp-json\/wp\/v2\/types\/page"}],"author":[{"embeddable":true,"href":"https:\/\/www.ldggroup.es\/ca\/wp-json\/wp\/v2\/users\/1"}],"replies":[{"embeddable":true,"href":"https:\/\/www.ldggroup.es\/ca\/wp-json\/wp\/v2\/comments?post=15557"}],"version-history":[{"count":17,"href":"https:\/\/www.ldggroup.es\/ca\/wp-json\/wp\/v2\/pages\/15557\/revisions"}],"predecessor-version":[{"id":15863,"href":"https:\/\/www.ldggroup.es\/ca\/wp-json\/wp\/v2\/pages\/15557\/revisions\/15863"}],"wp:attachment":[{"href":"https:\/\/www.ldggroup.es\/ca\/wp-json\/wp\/v2\/media?parent=15557"}],"curies":[{"name":"wp","href":"https:\/\/api.w.org\/{rel}","templated":true}]}}